{"id":99,"date":"2026-02-06T08:55:50","date_gmt":"2026-02-06T08:55:50","guid":{"rendered":"https:\/\/nueva.alitek.com.es\/?page_id=99"},"modified":"2026-03-09T10:19:07","modified_gmt":"2026-03-09T10:19:07","slug":"otras-instalaciones","status":"publish","type":"page","link":"https:\/\/nueva.alitek.com.es\/index.php\/otras-instalaciones\/","title":{"rendered":"Otras Instalaciones"},"content":{"rendered":"\t\t<div data-elementor-type=\"wp-page\" data-elementor-id=\"99\" class=\"elementor elementor-99\" data-elementor-post-type=\"page\">\n\t\t\t\t\t\t<section class=\"elementor-section elementor-top-section elementor-element elementor-element-7066a764 elementor-section-boxed elementor-section-height-default elementor-section-height-default elementor-invisible\" data-id=\"7066a764\" data-element_type=\"section\" data-e-type=\"section\" data-settings=\"{&quot;background_background&quot;:&quot;classic&quot;,&quot;animation&quot;:&quot;fadeIn&quot;}\">\n\t\t\t\t\t\t<div class=\"elementor-container elementor-column-gap-no\">\n\t\t\t\t\t<div class=\"elementor-column elementor-col-100 elementor-top-column elementor-element elementor-element-4526dc28\" data-id=\"4526dc28\" data-element_type=\"column\" data-e-type=\"column\">\n\t\t\t<div class=\"elementor-widget-wrap elementor-element-populated\">\n\t\t\t\t\t\t<div class=\"elementor-element elementor-element-63d72dea elementor-widget-mobile__width-initial elementor-widget elementor-widget-elementskit-heading\" data-id=\"63d72dea\" data-element_type=\"widget\" data-e-type=\"widget\" data-widget_type=\"elementskit-heading.default\">\n\t\t\t\t\t<div class=\"ekit-wid-con\" ><div class=\"ekit-heading elementskit-section-title-wraper text_center   ekit_heading_tablet-   ekit_heading_mobile-\"><h1 class=\"ekit-heading--title elementskit-section-title \">Otras instalaciones<\/h1><\/div><\/div>\t\t\t\t<\/div>\n\t\t\t\t\t<\/div>\n\t\t<\/div>\n\t\t\t\t\t<\/div>\n\t\t<\/section>\n\t\t<div class=\"elementor-element elementor-element-e9f3afd e-flex e-con-boxed e-con e-parent\" data-id=\"e9f3afd\" data-element_type=\"container\" data-e-type=\"container\">\n\t\t\t\t\t<div class=\"e-con-inner\">\n\t\t<div class=\"elementor-element elementor-element-4797ce7 e-con-full e-flex e-con e-child\" data-id=\"4797ce7\" data-element_type=\"container\" data-e-type=\"container\">\n\t\t\t\t<div class=\"elementor-element elementor-element-78d575d elementor-widget elementor-widget-elementskit-heading\" data-id=\"78d575d\" data-element_type=\"widget\" data-e-type=\"widget\" data-widget_type=\"elementskit-heading.default\">\n\t\t\t\t\t<div class=\"ekit-wid-con\" ><div class=\"ekit-heading elementskit-section-title-wraper text_center   ekit_heading_tablet-   ekit_heading_mobile-\"><h2 class=\"ekit-heading--title elementskit-section-title \">Realizamos proyectos de la mejor calidad<\/h2><div class=\"ekit_heading_separetor_wraper ekit_heading_elementskit-border-divider elementskit-style-long\"><div class=\"elementskit-border-divider elementskit-style-long\"><\/div><\/div>\t\t\t\t<div class='ekit-heading__description'>\n\t\t\t\t\t<p>Un peque\u00f1o r\u00edo llamado Duden fluye junto a su casa y la abastece del riego necesario. Es un para\u00edso<\/p>\n\t\t\t\t<\/div>\n\t\t\t<\/div><\/div>\t\t\t\t<\/div>\n\t\t\t\t<\/div>\n\t\t<div class=\"elementor-element elementor-element-f2fec6d e-con-full e-flex e-con e-child\" data-id=\"f2fec6d\" data-element_type=\"container\" data-e-type=\"container\">\n\t\t\t\t<div class=\"elementor-element elementor-element-825898d elementor-widget elementor-widget-image\" data-id=\"825898d\" data-element_type=\"widget\" data-e-type=\"widget\" data-widget_type=\"image.default\">\n\t\t\t\t\t\t\t\t\t\t\t\t\t\t\t<img fetchpriority=\"high\" decoding=\"async\" width=\"800\" height=\"442\" src=\"https:\/\/nueva.alitek.com.es\/wp-content\/uploads\/2026\/02\/parqueinfa-800x442-1.png\" class=\"attachment-full size-full wp-image-1585\" alt=\"\" srcset=\"https:\/\/nueva.alitek.com.es\/wp-content\/uploads\/2026\/02\/parqueinfa-800x442-1.png 800w, https:\/\/nueva.alitek.com.es\/wp-content\/uploads\/2026\/02\/parqueinfa-800x442-1-300x166.png 300w, https:\/\/nueva.alitek.com.es\/wp-content\/uploads\/2026\/02\/parqueinfa-800x442-1-768x424.png 768w\" sizes=\"(max-width: 800px) 100vw, 800px\" \/>\t\t\t\t\t\t\t\t\t\t\t\t\t\t\t<\/div>\n\t\t\t\t<\/div>\n\t\t\t\t\t<\/div>\n\t\t\t\t<\/div>\n\t\t<div class=\"elementor-element elementor-element-81f4441 e-flex e-con-boxed e-con e-parent\" data-id=\"81f4441\" data-element_type=\"container\" data-e-type=\"container\">\n\t\t\t\t\t<div class=\"e-con-inner\">\n\t\t<div class=\"elementor-element elementor-element-6be47c9 e-con-full e-flex e-con e-child\" data-id=\"6be47c9\" data-element_type=\"container\" data-e-type=\"container\">\n\t\t\t\t<div class=\"elementor-element elementor-element-6e3f9c5 ekit-equal-height-enable elementor-widget elementor-widget-elementskit-icon-box\" data-id=\"6e3f9c5\" data-element_type=\"widget\" data-e-type=\"widget\" data-widget_type=\"elementskit-icon-box.default\">\n\t\t\t\t\t<div class=\"ekit-wid-con\" >        <!-- link opening -->\n                <!-- end link opening -->\n\n        <div class=\"elementskit-infobox text-center text- icon-top-align elementor-animation-   \">\n                            <div class=\"elementskit-box-header\">\n                <div class=\"elementskit-info-box-icon \">\n                    <img decoding=\"async\" width=\"800\" height=\"395\" src=\"https:\/\/nueva.alitek.com.es\/wp-content\/uploads\/2026\/02\/carrilbici-1-e1772193582791.jpg\" class=\"attachment- size-\" alt=\"\" srcset=\"https:\/\/nueva.alitek.com.es\/wp-content\/uploads\/2026\/02\/carrilbici-1-e1772193582791.jpg 800w, https:\/\/nueva.alitek.com.es\/wp-content\/uploads\/2026\/02\/carrilbici-1-e1772193582791-300x148.jpg 300w, https:\/\/nueva.alitek.com.es\/wp-content\/uploads\/2026\/02\/carrilbici-1-e1772193582791-768x379.jpg 768w\" sizes=\"(max-width: 800px) 100vw, 800px\" \/>                <\/div>\n          <\/div>\n                <div class=\"box-body\">\n                            <h3 class=\"elementskit-info-box-title\">\n                    Carriles bici                <\/h3>\n                        \t\t  \t<p>La bicicleta est\u00e1 de moda. No s\u00f3lo en las ciudades, donde se ha convertido en una estupenda herramienta de movilidad alternativa, sino tambi\u00e9n en los entornos perif\u00e9ricos y urbanos.<\/p>\n                                        <div class=\"box-footer disable_hover_button\">\n                    <div class=\"btn-wraper\">\n                                                            <a class=\"elementskit-btn whitespace--normal\" href=\"https:\/\/nueva.alitek.com.es\/index.php\/carriles-bici\/\">\n                                                                                Saber m\u00e1s                                    <\/a>\n                                                        <\/div>\n                <\/div>\n                    <\/div>\n        \n        \n                <\/div>\n        <\/div>\t\t\t\t<\/div>\n\t\t\t\t<\/div>\n\t\t<div class=\"elementor-element elementor-element-c01f16b e-con-full e-flex e-con e-child\" data-id=\"c01f16b\" data-element_type=\"container\" data-e-type=\"container\">\n\t\t\t\t<div class=\"elementor-element elementor-element-7d6cbe4 ekit-equal-height-enable elementor-widget elementor-widget-elementskit-icon-box\" data-id=\"7d6cbe4\" data-element_type=\"widget\" data-e-type=\"widget\" data-widget_type=\"elementskit-icon-box.default\">\n\t\t\t\t\t<div class=\"ekit-wid-con\" >        <!-- link opening -->\n                <!-- end link opening -->\n\n        <div class=\"elementskit-infobox text-center text- icon-top-align elementor-animation-   \">\n                            <div class=\"elementskit-box-header\">\n                <div class=\"elementskit-info-box-icon \">\n                    <img decoding=\"async\" width=\"800\" height=\"446\" src=\"https:\/\/nueva.alitek.com.es\/wp-content\/uploads\/2026\/02\/Diseno-sin-titulo.png\" class=\"attachment- size-\" alt=\"\" srcset=\"https:\/\/nueva.alitek.com.es\/wp-content\/uploads\/2026\/02\/Diseno-sin-titulo.png 800w, https:\/\/nueva.alitek.com.es\/wp-content\/uploads\/2026\/02\/Diseno-sin-titulo-300x167.png 300w, https:\/\/nueva.alitek.com.es\/wp-content\/uploads\/2026\/02\/Diseno-sin-titulo-768x428.png 768w\" sizes=\"(max-width: 800px) 100vw, 800px\" \/>                <\/div>\n          <\/div>\n                <div class=\"box-body\">\n                            <h3 class=\"elementskit-info-box-title\">\n                    Pavimentos industriales                <\/h3>\n                        \t\t  \t<p>Aplicaci\u00f3n de diferentes soluciones para todo tipo de suelo industriales tales como aparcamientos, naves industriales diferentes usos, locales con certificado alimentario y un largo etc\u00e9tera.<\/p>\n                                        <div class=\"box-footer disable_hover_button\">\n                    <div class=\"btn-wraper\">\n                                                            <a class=\"elementskit-btn whitespace--normal\" href=\"https:\/\/nueva.alitek.com.es\/index.php\/pavimentos-industriales\/\">\n                                                                                Saber m\u00e1s                                    <\/a>\n                                                        <\/div>\n                <\/div>\n                    <\/div>\n        \n        \n                <\/div>\n        <\/div>\t\t\t\t<\/div>\n\t\t\t\t<\/div>\n\t\t<div class=\"elementor-element elementor-element-d395dd1 e-con-full e-flex e-con e-child\" data-id=\"d395dd1\" data-element_type=\"container\" data-e-type=\"container\">\n\t\t\t\t<div class=\"elementor-element elementor-element-25c9d27 ekit-equal-height-enable elementor-widget elementor-widget-elementskit-icon-box\" data-id=\"25c9d27\" data-element_type=\"widget\" data-e-type=\"widget\" data-widget_type=\"elementskit-icon-box.default\">\n\t\t\t\t\t<div class=\"ekit-wid-con\" >        <!-- link opening -->\n                <!-- end link opening -->\n\n        <div class=\"elementskit-infobox text-center text- icon-top-align elementor-animation-   \">\n                            <div class=\"elementskit-box-header\">\n                <div class=\"elementskit-info-box-icon \">\n                    <img loading=\"lazy\" decoding=\"async\" width=\"800\" height=\"446\" src=\"https:\/\/nueva.alitek.com.es\/wp-content\/uploads\/2026\/02\/Elda-2-1.png\" class=\"attachment- size-\" alt=\"\" srcset=\"https:\/\/nueva.alitek.com.es\/wp-content\/uploads\/2026\/02\/Elda-2-1.png 800w, https:\/\/nueva.alitek.com.es\/wp-content\/uploads\/2026\/02\/Elda-2-1-300x167.png 300w, https:\/\/nueva.alitek.com.es\/wp-content\/uploads\/2026\/02\/Elda-2-1-768x428.png 768w\" sizes=\"(max-width: 800px) 100vw, 800px\" \/>                <\/div>\n          <\/div>\n                <div class=\"box-body\">\n                            <h3 class=\"elementskit-info-box-title\">\n                    Equipamiento deportivo                <\/h3>\n                        \t\t  \t<p>Estamos altamente especializados en la distribuci\u00f3n e instalaci\u00f3n todo tipo de equipamiento deportivo.<\/p>\n                                        <div class=\"box-footer disable_hover_button\">\n                    <div class=\"btn-wraper\">\n                                                            <a class=\"elementskit-btn whitespace--normal\" href=\"https:\/\/nueva.alitek.com.es\/index.php\/equipamiento-deportivo\/\">\n                                                                                Saber m\u00e1s                                    <\/a>\n                                                        <\/div>\n                <\/div>\n                    <\/div>\n        \n        \n                <\/div>\n        <\/div>\t\t\t\t<\/div>\n\t\t\t\t<\/div>\n\t\t<div class=\"elementor-element elementor-element-d549d38 e-con-full e-flex e-con e-child\" data-id=\"d549d38\" data-element_type=\"container\" data-e-type=\"container\">\n\t\t\t\t<div class=\"elementor-element elementor-element-b9b73e6 ekit-equal-height-enable elementor-widget elementor-widget-elementskit-icon-box\" data-id=\"b9b73e6\" data-element_type=\"widget\" data-e-type=\"widget\" data-widget_type=\"elementskit-icon-box.default\">\n\t\t\t\t\t<div class=\"ekit-wid-con\" >        <!-- link opening -->\n                <!-- end link opening -->\n\n        <div class=\"elementskit-infobox text-center text- icon-top-align elementor-animation-   \">\n                            <div class=\"elementskit-box-header\">\n                <div class=\"elementskit-info-box-icon \">\n                    <img loading=\"lazy\" decoding=\"async\" width=\"800\" height=\"446\" src=\"https:\/\/nueva.alitek.com.es\/wp-content\/uploads\/2026\/02\/Diseno-sin-titulo-1.png\" class=\"attachment- size-\" alt=\"\" srcset=\"https:\/\/nueva.alitek.com.es\/wp-content\/uploads\/2026\/02\/Diseno-sin-titulo-1.png 800w, https:\/\/nueva.alitek.com.es\/wp-content\/uploads\/2026\/02\/Diseno-sin-titulo-1-300x167.png 300w, https:\/\/nueva.alitek.com.es\/wp-content\/uploads\/2026\/02\/Diseno-sin-titulo-1-768x428.png 768w\" sizes=\"(max-width: 800px) 100vw, 800px\" \/>                <\/div>\n          <\/div>\n                <div class=\"box-body\">\n                            <h3 class=\"elementskit-info-box-title\">\n                    C\u00e9sped Decorativo                <\/h3>\n                        \t\t  \t<p>Distribuimos e instalamos c\u00e9sped artificial para jardiner\u00eda o para tu vivienda.<\/p>\n                                        <div class=\"box-footer disable_hover_button\">\n                    <div class=\"btn-wraper\">\n                                                            <a class=\"elementskit-btn whitespace--normal\" href=\"https:\/\/nueva.alitek.com.es\/index.php\/cesped-decorativo\/\">\n                                                                                Saber m\u00e1s                                    <\/a>\n                                                        <\/div>\n                <\/div>\n                    <\/div>\n        \n        \n                <\/div>\n        <\/div>\t\t\t\t<\/div>\n\t\t\t\t<\/div>\n\t\t<div class=\"elementor-element elementor-element-872acaf e-con-full e-flex e-con e-child\" data-id=\"872acaf\" data-element_type=\"container\" data-e-type=\"container\">\n\t\t\t\t<div class=\"elementor-element elementor-element-537e167 ekit-equal-height-enable elementor-widget elementor-widget-elementskit-icon-box\" data-id=\"537e167\" data-element_type=\"widget\" data-e-type=\"widget\" data-widget_type=\"elementskit-icon-box.default\">\n\t\t\t\t\t<div class=\"ekit-wid-con\" >        <!-- link opening -->\n                <!-- end link opening -->\n\n        <div class=\"elementskit-infobox text-center text- icon-top-align elementor-animation-   \">\n                            <div class=\"elementskit-box-header\">\n                <div class=\"elementskit-info-box-icon \">\n                    <img loading=\"lazy\" decoding=\"async\" width=\"800\" height=\"446\" src=\"https:\/\/nueva.alitek.com.es\/wp-content\/uploads\/2026\/02\/Diseno-sin-titulo-2.png\" class=\"attachment- size-\" alt=\"\" srcset=\"https:\/\/nueva.alitek.com.es\/wp-content\/uploads\/2026\/02\/Diseno-sin-titulo-2.png 800w, https:\/\/nueva.alitek.com.es\/wp-content\/uploads\/2026\/02\/Diseno-sin-titulo-2-300x167.png 300w, https:\/\/nueva.alitek.com.es\/wp-content\/uploads\/2026\/02\/Diseno-sin-titulo-2-768x428.png 768w\" sizes=\"(max-width: 800px) 100vw, 800px\" \/>                <\/div>\n          <\/div>\n                <div class=\"box-body\">\n                            <h3 class=\"elementskit-info-box-title\">\n                    Parques infantiles                <\/h3>\n                        \t\t  \t<p>Dise\u00f1amos parques infantiles en funci\u00f3n de las necesidades en el que se mueve el ni\u00f1o, uniendo e integrando los pavimentos con el entorno que se encuentran.<\/p>\n                                        <div class=\"box-footer disable_hover_button\">\n                    <div class=\"btn-wraper\">\n                                                            <a class=\"elementskit-btn whitespace--normal\" href=\"https:\/\/nueva.alitek.com.es\/index.php\/parques-infantiles\/\">\n                                                                                Saber M\u00e1s                                    <\/a>\n                                                        <\/div>\n                <\/div>\n                    <\/div>\n        \n        \n                <\/div>\n        <\/div>\t\t\t\t<\/div>\n\t\t\t\t<\/div>\n\t\t\t\t\t<\/div>\n\t\t\t\t<\/div>\n\t\t\t\t<\/div>\n\t\t","protected":false},"excerpt":{"rendered":"<p>Otras instalaciones Realizamos proyectos de la mejor calidad Un peque\u00f1o r\u00edo llamado Duden fluye junto a su casa y la abastece del riego necesario. Es un para\u00edso Carriles bici La bicicleta est\u00e1 de moda. No s\u00f3lo en las ciudades, donde se ha convertido en una estupenda herramienta de movilidad alternativa, sino tambi\u00e9n en los entornos [&hellip;]<\/p>\n","protected":false},"author":1,"featured_media":0,"parent":0,"menu_order":0,"comment_status":"closed","ping_status":"closed","template":"","meta":{"footnotes":""},"class_list":["post-99","page","type-page","status-publish","hentry"],"_links":{"self":[{"href":"https:\/\/nueva.alitek.com.es\/index.php\/wp-json\/wp\/v2\/pages\/99","targetHints":{"allow":["GET"]}}],"collection":[{"href":"https:\/\/nueva.alitek.com.es\/index.php\/wp-json\/wp\/v2\/pages"}],"about":[{"href":"https:\/\/nueva.alitek.com.es\/index.php\/wp-json\/wp\/v2\/types\/page"}],"author":[{"embeddable":true,"href":"https:\/\/nueva.alitek.com.es\/index.php\/wp-json\/wp\/v2\/users\/1"}],"replies":[{"embeddable":true,"href":"https:\/\/nueva.alitek.com.es\/index.php\/wp-json\/wp\/v2\/comments?post=99"}],"version-history":[{"count":31,"href":"https:\/\/nueva.alitek.com.es\/index.php\/wp-json\/wp\/v2\/pages\/99\/revisions"}],"predecessor-version":[{"id":2617,"href":"https:\/\/nueva.alitek.com.es\/index.php\/wp-json\/wp\/v2\/pages\/99\/revisions\/2617"}],"wp:attachment":[{"href":"https:\/\/nueva.alitek.com.es\/index.php\/wp-json\/wp\/v2\/media?parent=99"}],"curies":[{"name":"wp","href":"https:\/\/api.w.org\/{rel}","templated":true}]}}