{"id":187,"date":"2026-02-06T11:45:38","date_gmt":"2026-02-06T11:45:38","guid":{"rendered":"https:\/\/nueva.alitek.com.es\/?page_id=187"},"modified":"2026-03-09T12:37:55","modified_gmt":"2026-03-09T12:37:55","slug":"equipamiento-deportivo","status":"publish","type":"page","link":"https:\/\/nueva.alitek.com.es\/index.php\/equipamiento-deportivo\/","title":{"rendered":"Equipamiento deportivo"},"content":{"rendered":"\t\t<div data-elementor-type=\"wp-page\" data-elementor-id=\"187\" class=\"elementor elementor-187\" data-elementor-post-type=\"page\">\n\t\t\t\t\t\t<section class=\"elementor-section elementor-top-section elementor-element elementor-element-17ab1c70 elementor-section-boxed elementor-section-height-default elementor-section-height-default elementor-invisible\" data-id=\"17ab1c70\" data-element_type=\"section\" data-e-type=\"section\" data-settings=\"{&quot;background_background&quot;:&quot;classic&quot;,&quot;animation&quot;:&quot;fadeIn&quot;}\">\n\t\t\t\t\t\t<div class=\"elementor-container elementor-column-gap-no\">\n\t\t\t\t\t<div class=\"elementor-column elementor-col-100 elementor-top-column elementor-element elementor-element-6470da14\" data-id=\"6470da14\" data-element_type=\"column\" data-e-type=\"column\">\n\t\t\t<div class=\"elementor-widget-wrap elementor-element-populated\">\n\t\t\t\t\t\t<div class=\"elementor-element elementor-element-5b51d39 elementor-widget-mobile__width-initial elementor-widget elementor-widget-elementskit-heading\" data-id=\"5b51d39\" data-element_type=\"widget\" data-e-type=\"widget\" data-widget_type=\"elementskit-heading.default\">\n\t\t\t\t\t<div class=\"ekit-wid-con\" ><div class=\"ekit-heading elementskit-section-title-wraper text_center   ekit_heading_tablet-   ekit_heading_mobile-\"><h1 class=\"ekit-heading--title elementskit-section-title \">Equipamiento deportivo<\/h1><\/div><\/div>\t\t\t\t<\/div>\n\t\t\t\t\t<\/div>\n\t\t<\/div>\n\t\t\t\t\t<\/div>\n\t\t<\/section>\n\t\t<div class=\"elementor-element elementor-element-cf45d34 e-flex e-con-boxed e-con e-parent\" data-id=\"cf45d34\" data-element_type=\"container\" data-e-type=\"container\">\n\t\t\t\t\t<div class=\"e-con-inner\">\n\t\t\t\t<div class=\"elementor-element elementor-element-751b1bc elementor-widget elementor-widget-elementskit-heading\" data-id=\"751b1bc\" data-element_type=\"widget\" data-e-type=\"widget\" data-widget_type=\"elementskit-heading.default\">\n\t\t\t\t\t<div class=\"ekit-wid-con\" ><div class=\"ekit-heading elementskit-section-title-wraper text_center   ekit_heading_tablet-   ekit_heading_mobile-\"><h2 class=\"ekit-heading--title elementskit-section-title \">EQUIPAMIENTO<\/h2><div class=\"ekit_heading_separetor_wraper ekit_heading_elementskit-border-divider elementskit-style-long\"><div class=\"elementskit-border-divider elementskit-style-long\"><\/div><\/div><h3 class=\"ekit-heading--subtitle elementskit-section-subtitle  \">\n\t\t\t\t\t\tDistribuci\u00f3n e instalaci\u00f3n\n\t\t\t\t\t<\/h3>\t\t\t\t<div class='ekit-heading__description'>\n\t\t\t\t\t<div class=\"fusion-text fusion-text-1\">\n<p>ALITEK INGENIERIA Y PAVIMENTOS est\u00e1 altamente especializado en la distribuci\u00f3n e instalaci\u00f3n todo tipo de equipamiento deportivo<\/p>\n<\/div>\n\t\t\t\t<\/div>\n\t\t\t<\/div><\/div>\t\t\t\t<\/div>\n\t\t\t\t\t<\/div>\n\t\t\t\t<\/div>\n\t\t\t\t<section class=\"elementor-section elementor-top-section elementor-element elementor-element-2083e1b6 elementor-section-boxed elementor-section-height-default elementor-section-height-default elementor-invisible\" data-id=\"2083e1b6\" data-element_type=\"section\" data-e-type=\"section\" data-settings=\"{&quot;animation&quot;:&quot;fadeIn&quot;}\">\n\t\t\t\t\t\t<div class=\"elementor-container elementor-column-gap-no\">\n\t\t\t\t\t<div class=\"elementor-column elementor-col-50 elementor-top-column elementor-element elementor-element-4f5d9a72\" data-id=\"4f5d9a72\" data-element_type=\"column\" data-e-type=\"column\">\n\t\t\t<div class=\"elementor-widget-wrap elementor-element-populated\">\n\t\t\t\t\t\t<div class=\"elementor-element elementor-element-22d6350d ekit-equal-height-disable elementor-widget elementor-widget-elementskit-icon-box\" data-id=\"22d6350d\" data-element_type=\"widget\" data-e-type=\"widget\" data-widget_type=\"elementskit-icon-box.default\">\n\t\t\t\t\t<div class=\"ekit-wid-con\" >        <!-- link opening -->\n                <a href=\"#\" class=\"ekit_global_links\">\n                <!-- end link opening -->\n\n        <div class=\"elementskit-infobox text-center text- icon-top-align elementor-animation-   \">\n                            <div class=\"elementskit-box-header\">\n                <div class=\"elementskit-info-box-icon \">\n                    <img fetchpriority=\"high\" decoding=\"async\" width=\"800\" height=\"446\" src=\"https:\/\/nueva.alitek.com.es\/wp-content\/uploads\/2026\/03\/equipameinto-deportivo-2-800x442-1.png\" class=\"attachment- size-\" alt=\"\" srcset=\"https:\/\/nueva.alitek.com.es\/wp-content\/uploads\/2026\/03\/equipameinto-deportivo-2-800x442-1.png 800w, https:\/\/nueva.alitek.com.es\/wp-content\/uploads\/2026\/03\/equipameinto-deportivo-2-800x442-1-300x167.png 300w, https:\/\/nueva.alitek.com.es\/wp-content\/uploads\/2026\/03\/equipameinto-deportivo-2-800x442-1-768x428.png 768w\" sizes=\"(max-width: 800px) 100vw, 800px\" \/>                <\/div>\n          <\/div>\n                <div class=\"box-body\">\n                            <h3 class=\"elementskit-info-box-title\">\n                    Cumplimos las normativas                <\/h3>\n                        \t\t  \t<p>Todo nuestro equipamiento deportivo cumple las normativas existentes solicitadas por normativas de las diferentes federaciones nacionales y est\u00e1 certificado por el IVF y cumple normativa NIDE.\n\n<\/p>\n                                <\/div>\n        \n        \n                <\/div>\n                <\/a>\n        <\/div>\t\t\t\t<\/div>\n\t\t\t\t\t<\/div>\n\t\t<\/div>\n\t\t\t\t<div class=\"elementor-column elementor-col-50 elementor-top-column elementor-element elementor-element-70b00f5b\" data-id=\"70b00f5b\" data-element_type=\"column\" data-e-type=\"column\">\n\t\t\t<div class=\"elementor-widget-wrap elementor-element-populated\">\n\t\t\t\t\t\t<div class=\"elementor-element elementor-element-3446d8ab ekit-equal-height-disable elementor-widget elementor-widget-elementskit-icon-box\" data-id=\"3446d8ab\" data-element_type=\"widget\" data-e-type=\"widget\" data-widget_type=\"elementskit-icon-box.default\">\n\t\t\t\t\t<div class=\"ekit-wid-con\" >        <!-- link opening -->\n                <a href=\"#\" class=\"ekit_global_links\">\n                <!-- end link opening -->\n\n        <div class=\"elementskit-infobox text-center text- icon-top-align elementor-animation-   \">\n                            <div class=\"elementskit-box-header\">\n                <div class=\"elementskit-info-box-icon \">\n                    <img decoding=\"async\" width=\"800\" height=\"446\" src=\"https:\/\/nueva.alitek.com.es\/wp-content\/uploads\/2026\/03\/todo-lo-que-necesitas2x-800x496-1.jpg\" class=\"attachment- size-\" alt=\"\" srcset=\"https:\/\/nueva.alitek.com.es\/wp-content\/uploads\/2026\/03\/todo-lo-que-necesitas2x-800x496-1.jpg 800w, https:\/\/nueva.alitek.com.es\/wp-content\/uploads\/2026\/03\/todo-lo-que-necesitas2x-800x496-1-300x167.jpg 300w, https:\/\/nueva.alitek.com.es\/wp-content\/uploads\/2026\/03\/todo-lo-que-necesitas2x-800x496-1-768x428.jpg 768w\" sizes=\"(max-width: 800px) 100vw, 800px\" \/>                <\/div>\n          <\/div>\n                <div class=\"box-body\">\n                            <h3 class=\"elementskit-info-box-title\">\n                    Todo a tu disposici\u00f3n                <\/h3>\n                        \t\t  \t<p>En ALITEK INGENIERIA Y PAVIMENTOS ofrecemos una amplia gama de equipamiento deportivo tales como: Porter\u00edas de f\u00fatbol 7 y 11, f\u00fatbol-sala, balonmano, tenis, b\u00e1dminton, baloncesto, gradas telesc\u00f3picas, suelo desmontable de amdera, material de piscina, material de psicomotricidad, balones, colchonetas, tatamis, equipaciones deportivas de marcas de referencia.\n\n<\/p>\n                                <\/div>\n        \n        \n                <\/div>\n                <\/a>\n        <\/div>\t\t\t\t<\/div>\n\t\t\t\t\t<\/div>\n\t\t<\/div>\n\t\t\t\t\t<\/div>\n\t\t<\/section>\n\t\t\t\t<section class=\"elementor-section elementor-top-section elementor-element elementor-element-43f99ee0 elementor-section-boxed elementor-section-height-default elementor-section-height-default elementor-invisible\" data-id=\"43f99ee0\" data-element_type=\"section\" data-e-type=\"section\" data-settings=\"{&quot;animation&quot;:&quot;fadeIn&quot;}\">\n\t\t\t\t\t\t<div class=\"elementor-container elementor-column-gap-no\">\n\t\t\t\t\t<div class=\"elementor-column elementor-col-50 elementor-top-column elementor-element elementor-element-2f0e0b32\" data-id=\"2f0e0b32\" data-element_type=\"column\" data-e-type=\"column\">\n\t\t\t<div class=\"elementor-widget-wrap elementor-element-populated\">\n\t\t\t\t\t\t<div class=\"elementor-element elementor-element-5a034d0e elementor-widget-tablet__width-initial elementor-widget-mobile__width-initial elementor-widget elementor-widget-image\" data-id=\"5a034d0e\" data-element_type=\"widget\" data-e-type=\"widget\" data-widget_type=\"image.default\">\n\t\t\t\t\t\t\t\t\t\t\t\t\t\t\t<img decoding=\"async\" width=\"800\" height=\"442\" src=\"https:\/\/nueva.alitek.com.es\/wp-content\/uploads\/2026\/02\/CamiloCano-800x442-1.png\" class=\"attachment-full size-full wp-image-396\" alt=\"\" srcset=\"https:\/\/nueva.alitek.com.es\/wp-content\/uploads\/2026\/02\/CamiloCano-800x442-1.png 800w, https:\/\/nueva.alitek.com.es\/wp-content\/uploads\/2026\/02\/CamiloCano-800x442-1-300x166.png 300w, https:\/\/nueva.alitek.com.es\/wp-content\/uploads\/2026\/02\/CamiloCano-800x442-1-768x424.png 768w\" sizes=\"(max-width: 800px) 100vw, 800px\" \/>\t\t\t\t\t\t\t\t\t\t\t\t\t\t\t<\/div>\n\t\t\t\t\t<\/div>\n\t\t<\/div>\n\t\t\t\t<div class=\"elementor-column elementor-col-50 elementor-top-column elementor-element elementor-element-1ec86ef5\" data-id=\"1ec86ef5\" data-element_type=\"column\" data-e-type=\"column\">\n\t\t\t<div class=\"elementor-widget-wrap elementor-element-populated\">\n\t\t\t\t\t\t<div class=\"elementor-element elementor-element-54cc1b84 elementor-widget elementor-widget-elementskit-heading\" data-id=\"54cc1b84\" data-element_type=\"widget\" data-e-type=\"widget\" data-widget_type=\"elementskit-heading.default\">\n\t\t\t\t\t<div class=\"ekit-wid-con\" ><div class=\"ekit-heading elementskit-section-title-wraper text_left   ekit_heading_tablet-   ekit_heading_mobile-\"><h2 class=\"ekit-heading--title elementskit-section-title \">Ciudad Deportiva Camilo Cano La Nuc\u00eda<\/h2><div class=\"ekit_heading_separetor_wraper ekit_heading_elementskit-border-divider elementskit-style-long\"><div class=\"elementskit-border-divider elementskit-style-long\"><\/div><\/div>\t\t\t\t<div class='ekit-heading__description'>\n\t\t\t\t\t<p>En ALITEK INGENIERIA Y PAVIMENTO queremos destacar uno de nuestros trabajos por encima de todos en el cual lleva trabajando nuestro gerente Valent\u00edn desde hace m\u00e1s de 18 a\u00f1os. Nos referimos a todos el material deportivo que se a suministro e instalado en la Ciudad Deportiva Camilo Cano de la Nuc\u00eda. Instalaci\u00f3n de referencia en la provincia de Alicante y en casi toda Espa\u00f1a. En dichas instalaciones nuestro gerente ha instalado y suministrado todo el equipamiento de la mayor\u00eda de las instalaciones. Gradas telesc\u00f3picas, pavimento protector del parquet, taquillas y bancos de todos los vestuarios del primer pabell\u00f3n y del estadio ol\u00edmpico de Atletismo, gimnasios, canastas de baloncesto a techo y suelo, asientos de gradas y zona palco, marcadores, postes de voleibol, porter\u00edas de futbol-sala, redes de fondo, etc<\/p>\n\t\t\t\t<\/div>\n\t\t\t<\/div><\/div>\t\t\t\t<\/div>\n\t\t\t\t\t<\/div>\n\t\t<\/div>\n\t\t\t\t\t<\/div>\n\t\t<\/section>\n\t\t\t\t<section class=\"elementor-section elementor-top-section elementor-element elementor-element-64297b4 elementor-section-boxed elementor-section-height-default elementor-section-height-default elementor-invisible\" data-id=\"64297b4\" data-element_type=\"section\" data-e-type=\"section\" data-settings=\"{&quot;animation&quot;:&quot;fadeIn&quot;}\">\n\t\t\t\t\t\t<div class=\"elementor-container elementor-column-gap-no\">\n\t\t\t\t\t<div class=\"elementor-column elementor-col-100 elementor-top-column elementor-element elementor-element-66a87b4\" data-id=\"66a87b4\" data-element_type=\"column\" data-e-type=\"column\">\n\t\t\t<div class=\"elementor-widget-wrap elementor-element-populated\">\n\t\t\t\t\t\t<div class=\"elementor-element elementor-element-ce403b5 elementor-widget__width-initial elementor-widget-tablet__width-initial elementor-widget-mobile__width-initial elementor-widget elementor-widget-image\" data-id=\"ce403b5\" data-element_type=\"widget\" data-e-type=\"widget\" data-widget_type=\"image.default\">\n\t\t\t\t\t\t\t\t\t\t\t\t\t\t\t<img loading=\"lazy\" decoding=\"async\" width=\"800\" height=\"496\" src=\"https:\/\/nueva.alitek.com.es\/wp-content\/uploads\/2026\/02\/algunostrabajos-800x496-1.png\" class=\"attachment-full size-full wp-image-395\" alt=\"\" srcset=\"https:\/\/nueva.alitek.com.es\/wp-content\/uploads\/2026\/02\/algunostrabajos-800x496-1.png 800w, https:\/\/nueva.alitek.com.es\/wp-content\/uploads\/2026\/02\/algunostrabajos-800x496-1-300x186.png 300w, https:\/\/nueva.alitek.com.es\/wp-content\/uploads\/2026\/02\/algunostrabajos-800x496-1-768x476.png 768w\" sizes=\"(max-width: 800px) 100vw, 800px\" \/>\t\t\t\t\t\t\t\t\t\t\t\t\t\t\t<\/div>\n\t\t\t\t\t<\/div>\n\t\t<\/div>\n\t\t\t\t\t<\/div>\n\t\t<\/section>\n\t\t<div class=\"elementor-element elementor-element-d399c9e e-flex e-con-boxed e-con e-parent\" data-id=\"d399c9e\" data-element_type=\"container\" data-e-type=\"container\">\n\t\t\t\t\t<div class=\"e-con-inner\">\n\t\t\t\t<div class=\"elementor-element elementor-element-ce530bf elementor-widget elementor-widget-elementskit-heading\" data-id=\"ce530bf\" data-element_type=\"widget\" data-e-type=\"widget\" data-widget_type=\"elementskit-heading.default\">\n\t\t\t\t\t<div class=\"ekit-wid-con\" ><div class=\"ekit-heading elementskit-section-title-wraper text_left   ekit_heading_tablet-   ekit_heading_mobile-\"><h2 class=\"ekit-heading--title elementskit-section-title \">Algunos de nuestros trabajos<\/h2><div class=\"ekit_heading_separetor_wraper ekit_heading_elementskit-border-divider elementskit-style-long\"><div class=\"elementskit-border-divider elementskit-style-long\"><\/div><\/div>\t\t\t\t<div class='ekit-heading__description'>\n\t\t\t\t\t<p>\u00a0<\/p>\n<p>Estos son ejemplos de instalaciones y colaboraci\u00f3n de Equipamiento Deportivo realizadas por nuestra empresa a lo largo de nuestra trayectoria:<\/p>\n<ul>\n<li>Suministro e instalaci\u00f3n de todo el equipamiento deportivo del 1\u00ba Pabell\u00f3n en la Ciudad Deportiva Camilo Cano en la Nucia.<\/li>\n<li>Suministro e instalaci\u00f3n de porter\u00edas Futbol 11 campo de futbol.<\/li>\n<li>Suministro e instalaci\u00f3n de todo el equipamiento deportivo del 2\u00ba Pabell\u00f3n en la Ciudad deportiva camilo Cano en la Nucia.<\/li>\n<li>Polideportivo Rafael Pastor (Alicante) 1350 m2 de pavimento de caucho, canastas estructurales a techo y marcado de pistas de futbol-sala, baloncesto, minibasket, voleibol.<\/li>\n<li>Pabell\u00f3n Pitiu Rochel: Reparaci\u00f3n de parquet y ejecuci\u00f3n de zona de palco<span>. Suministro de equipamiento para diferentes instalaciones.<\/span><\/li>\n<li>Ayuntamiento de Benidorm. Suministro de equipamiento para diferentes instalaciones.<\/li>\n<li>Ayuntamiento de Alicante. Porter\u00edas de F\u00fatbol-sala y canastas de minibasket para diferentes instalaciones deportivas y colegios.<\/li>\n<\/ul>\n\t\t\t\t<\/div>\n\t\t\t<\/div><\/div>\t\t\t\t<\/div>\n\t\t\t\t\t<\/div>\n\t\t\t\t<\/div>\n\t\t\t\t<\/div>\n\t\t","protected":false},"excerpt":{"rendered":"<p>Equipamiento deportivo EQUIPAMIENTO Distribuci\u00f3n e instalaci\u00f3n ALITEK INGENIERIA Y PAVIMENTOS est\u00e1 altamente especializado en la distribuci\u00f3n e instalaci\u00f3n todo tipo de equipamiento deportivo Cumplimos las normativas Todo nuestro equipamiento deportivo cumple las normativas existentes solicitadas por normativas de las diferentes federaciones nacionales y est\u00e1 certificado por el IVF y cumple normativa NIDE. Todo a tu [&hellip;]<\/p>\n","protected":false},"author":1,"featured_media":0,"parent":0,"menu_order":0,"comment_status":"closed","ping_status":"closed","template":"elementor_header_footer","meta":{"footnotes":""},"class_list":["post-187","page","type-page","status-publish","hentry"],"_links":{"self":[{"href":"https:\/\/nueva.alitek.com.es\/index.php\/wp-json\/wp\/v2\/pages\/187","targetHints":{"allow":["GET"]}}],"collection":[{"href":"https:\/\/nueva.alitek.com.es\/index.php\/wp-json\/wp\/v2\/pages"}],"about":[{"href":"https:\/\/nueva.alitek.com.es\/index.php\/wp-json\/wp\/v2\/types\/page"}],"author":[{"embeddable":true,"href":"https:\/\/nueva.alitek.com.es\/index.php\/wp-json\/wp\/v2\/users\/1"}],"replies":[{"embeddable":true,"href":"https:\/\/nueva.alitek.com.es\/index.php\/wp-json\/wp\/v2\/comments?post=187"}],"version-history":[{"count":49,"href":"https:\/\/nueva.alitek.com.es\/index.php\/wp-json\/wp\/v2\/pages\/187\/revisions"}],"predecessor-version":[{"id":2647,"href":"https:\/\/nueva.alitek.com.es\/index.php\/wp-json\/wp\/v2\/pages\/187\/revisions\/2647"}],"wp:attachment":[{"href":"https:\/\/nueva.alitek.com.es\/index.php\/wp-json\/wp\/v2\/media?parent=187"}],"curies":[{"name":"wp","href":"https:\/\/api.w.org\/{rel}","templated":true}]}}