{"id":172,"date":"2026-02-06T11:42:43","date_gmt":"2026-02-06T11:42:43","guid":{"rendered":"https:\/\/nueva.alitek.com.es\/?page_id=172"},"modified":"2026-03-09T08:38:30","modified_gmt":"2026-03-09T08:38:30","slug":"campos-de-futbol","status":"publish","type":"page","link":"https:\/\/nueva.alitek.com.es\/index.php\/campos-de-futbol\/","title":{"rendered":"Campos de f\u00fatbol"},"content":{"rendered":"\t\t<div data-elementor-type=\"wp-page\" data-elementor-id=\"172\" class=\"elementor elementor-172\" data-elementor-post-type=\"page\">\n\t\t\t\t\t\t<section class=\"elementor-section elementor-top-section elementor-element elementor-element-648622da elementor-section-boxed elementor-section-height-default elementor-section-height-default elementor-invisible\" data-id=\"648622da\" data-element_type=\"section\" data-e-type=\"section\" data-settings=\"{&quot;background_background&quot;:&quot;classic&quot;,&quot;animation&quot;:&quot;fadeIn&quot;}\">\n\t\t\t\t\t\t<div class=\"elementor-container elementor-column-gap-no\">\n\t\t\t\t\t<div class=\"elementor-column elementor-col-100 elementor-top-column elementor-element elementor-element-243f7f4b\" data-id=\"243f7f4b\" data-element_type=\"column\" data-e-type=\"column\">\n\t\t\t<div class=\"elementor-widget-wrap elementor-element-populated\">\n\t\t\t\t\t\t<div class=\"elementor-element elementor-element-591813c0 elementor-widget-mobile__width-initial elementor-widget elementor-widget-elementskit-heading\" data-id=\"591813c0\" data-element_type=\"widget\" data-e-type=\"widget\" data-widget_type=\"elementskit-heading.default\">\n\t\t\t\t\t<div class=\"ekit-wid-con\" ><div class=\"ekit-heading elementskit-section-title-wraper text_center   ekit_heading_tablet-   ekit_heading_mobile-\"><h1 class=\"ekit-heading--title elementskit-section-title \">Campos de f\u00fatbol<\/h1><\/div><\/div>\t\t\t\t<\/div>\n\t\t\t\t\t<\/div>\n\t\t<\/div>\n\t\t\t\t\t<\/div>\n\t\t<\/section>\n\t\t<div class=\"elementor-element elementor-element-7db453a e-flex e-con-boxed e-con e-parent\" data-id=\"7db453a\" data-element_type=\"container\" data-e-type=\"container\">\n\t\t\t\t\t<div class=\"e-con-inner\">\n\t\t\t\t<div class=\"elementor-element elementor-element-7753e7e elementor-widget elementor-widget-elementskit-heading\" data-id=\"7753e7e\" data-element_type=\"widget\" data-e-type=\"widget\" data-widget_type=\"elementskit-heading.default\">\n\t\t\t\t\t<div class=\"ekit-wid-con\" ><div class=\"ekit-heading elementskit-section-title-wraper text_center   ekit_heading_tablet-   ekit_heading_mobile-\"><h2 class=\"ekit-heading--title elementskit-section-title \">CAMPOS<\/h2><div class=\"ekit_heading_separetor_wraper ekit_heading_elementskit-border-divider elementskit-style-long\"><div class=\"elementskit-border-divider elementskit-style-long\"><\/div><\/div><h3 class=\"ekit-heading--subtitle elementskit-section-subtitle  \">\n\t\t\t\t\t\tF\u00fatbol 11 y 8\n\t\t\t\t\t<\/h3>\t\t\t\t<div class='ekit-heading__description'>\n\t\t\t\t\t<p>ALITEK INGENIERIA Y PAVIMENTOS sistemas de c\u00e9sped artificial para instalaciones de campos de f\u00fatbol certificados por FIFA\u00ae, desde un uso recreacional hasta la m\u00e1s alta competici\u00f3n a nivel nacional.<\/p>\n<p>La gama de c\u00e9sped artificial para f\u00fatbol combina fibras de \u00faltima generaci\u00f3n e innovadores rellenos de alto rendimiento, garantizando la m\u00e1xima seguridad de los jugadores y una \u00f3ptima interacci\u00f3n del bal\u00f3n seg\u00fan los requisitos de las federaciones nacionales e internacionales.<\/p>\n\t\t\t\t<\/div>\n\t\t\t<\/div><\/div>\t\t\t\t<\/div>\n\t\t\t\t\t<\/div>\n\t\t\t\t<\/div>\n\t\t<div class=\"elementor-element elementor-element-7ce8268 e-flex e-con-boxed e-con e-parent\" data-id=\"7ce8268\" data-element_type=\"container\" data-e-type=\"container\">\n\t\t\t\t\t<div class=\"e-con-inner\">\n\t\t<div class=\"elementor-element elementor-element-e170743 e-con-full e-flex e-con e-child\" data-id=\"e170743\" data-element_type=\"container\" data-e-type=\"container\">\n\t\t\t\t<div class=\"elementor-element elementor-element-8f07f24 elementor-widget elementor-widget-elementskit-heading\" data-id=\"8f07f24\" data-element_type=\"widget\" data-e-type=\"widget\" data-widget_type=\"elementskit-heading.default\">\n\t\t\t\t\t<div class=\"ekit-wid-con\" ><div class=\"ekit-heading elementskit-section-title-wraper text_left   ekit_heading_tablet-   ekit_heading_mobile-text_center\"><h2 class=\"ekit-heading--title elementskit-section-title \">Todos nuestros campos tienen la m\u00e1xima calidad<\/h2>\t\t\t\t<div class='ekit-heading__description'>\n\t\t\t\t\t<p>Seg\u00fan la norma establecida en el Programa de Calidad de FIFA\u00ae instalamos c\u00e9sped artificial para campos de f\u00fatbol adaptados a:<\/p>\n<p><b>FIFA QUALITY<\/b>: Los campos certificados bajo este distintivo pasan una serie de exigentes ensayos de durabilidad, resistencia, seguridad e interacci\u00f3n con el juego. Esta norma cumple con el desarrollo de proyectos de un uso comunitario y de f\u00fatbol amateur, para un uso aproximado de la instalaci\u00f3n deportiva de 40 a 60 horas semanales.<\/p>\n<p><b>FIFA QUALITY PRO<\/b>: Los campos certificados bajo este distintivo deben de pasar los m\u00e1s exigentes ensayos de caracter\u00edsticas de juego y seguridad, para as\u00ed cumplir con los par\u00e1metros de uso profesional, y permitiendo un uso aproximado de la instalaci\u00f3n deportiva de 20 horas semanales.<\/p>\n\t\t\t\t<\/div>\n\t\t\t<\/div><\/div>\t\t\t\t<\/div>\n\t\t\t\t<\/div>\n\t\t<div class=\"elementor-element elementor-element-d3fdd73 e-con-full e-flex e-con e-child\" data-id=\"d3fdd73\" data-element_type=\"container\" data-e-type=\"container\">\n\t\t\t\t<div class=\"elementor-element elementor-element-d6046b8 elementor-widget elementor-widget-image\" data-id=\"d6046b8\" data-element_type=\"widget\" data-e-type=\"widget\" data-widget_type=\"image.default\">\n\t\t\t\t\t\t\t\t\t\t\t\t\t\t\t<img fetchpriority=\"high\" decoding=\"async\" width=\"800\" height=\"446\" src=\"https:\/\/nueva.alitek.com.es\/wp-content\/uploads\/2026\/03\/maxima-calida@2x-800x446-1.jpg\" class=\"attachment-full size-full wp-image-2325\" alt=\"\" srcset=\"https:\/\/nueva.alitek.com.es\/wp-content\/uploads\/2026\/03\/maxima-calida@2x-800x446-1.jpg 800w, https:\/\/nueva.alitek.com.es\/wp-content\/uploads\/2026\/03\/maxima-calida@2x-800x446-1-300x167.jpg 300w, https:\/\/nueva.alitek.com.es\/wp-content\/uploads\/2026\/03\/maxima-calida@2x-800x446-1-768x428.jpg 768w\" sizes=\"(max-width: 800px) 100vw, 800px\" \/>\t\t\t\t\t\t\t\t\t\t\t\t\t\t\t<\/div>\n\t\t\t\t<\/div>\n\t\t\t\t\t<\/div>\n\t\t\t\t<\/div>\n\t\t<div class=\"elementor-element elementor-element-9152803 e-flex e-con-boxed e-con e-parent\" data-id=\"9152803\" data-element_type=\"container\" data-e-type=\"container\">\n\t\t\t\t\t<div class=\"e-con-inner\">\n\t\t\t\t<div class=\"elementor-element elementor-element-5126d70 elementor-widget elementor-widget-elementskit-heading\" data-id=\"5126d70\" data-element_type=\"widget\" data-e-type=\"widget\" data-widget_type=\"elementskit-heading.default\">\n\t\t\t\t\t<div class=\"ekit-wid-con\" ><div class=\"ekit-heading elementskit-section-title-wraper text_center   ekit_heading_tablet-   ekit_heading_mobile-\"><h2 class=\"ekit-heading--title elementskit-section-title \">TRABAJOS<\/h2><div class=\"ekit_heading_separetor_wraper ekit_heading_elementskit-border-divider elementskit-style-long\"><div class=\"elementskit-border-divider elementskit-style-long\"><\/div><\/div><h3 class=\"ekit-heading--subtitle elementskit-section-subtitle  \">\n\t\t\t\t\t\t\u00daltimos trabajos\n\t\t\t\t\t<\/h3><\/div><\/div>\t\t\t\t<\/div>\n\t\t\t\t<div class=\"elementor-element elementor-element-6880a7a elementor-grid-1 elementor-posts--align-center elementor-grid-tablet-1 elementor-grid-mobile-1 elementor-posts--thumbnail-top elementor-widget elementor-widget-posts\" data-id=\"6880a7a\" data-element_type=\"widget\" data-e-type=\"widget\" data-settings=\"{&quot;classic_columns&quot;:&quot;1&quot;,&quot;classic_columns_tablet&quot;:&quot;1&quot;,&quot;classic_columns_mobile&quot;:&quot;1&quot;,&quot;classic_row_gap&quot;:{&quot;unit&quot;:&quot;px&quot;,&quot;size&quot;:35,&quot;sizes&quot;:[]},&quot;classic_row_gap_tablet&quot;:{&quot;unit&quot;:&quot;px&quot;,&quot;size&quot;:&quot;&quot;,&quot;sizes&quot;:[]},&quot;classic_row_gap_mobile&quot;:{&quot;unit&quot;:&quot;px&quot;,&quot;size&quot;:&quot;&quot;,&quot;sizes&quot;:[]}}\" data-widget_type=\"posts.classic\">\n\t\t\t\t<div class=\"elementor-widget-container\">\n\t\t\t\t\t\t\t<div class=\"elementor-posts-container elementor-posts elementor-posts--skin-classic elementor-grid\" role=\"list\">\n\t\t\t\t<article class=\"elementor-post elementor-grid-item post-1893 post type-post status-publish format-standard has-post-thumbnail hentry category-obras tag-campos-de-futbol\" role=\"listitem\">\n\t\t\t\t<a class=\"elementor-post__thumbnail__link\" href=\"https:\/\/nueva.alitek.com.es\/index.php\/2026\/03\/03\/porterias-mutxamel-fc\/\" tabindex=\"-1\" >\n\t\t\t<div class=\"elementor-post__thumbnail\"><img decoding=\"async\" width=\"1614\" height=\"900\" src=\"https:\/\/nueva.alitek.com.es\/wp-content\/uploads\/2026\/02\/maxima-calida@2x-1-2.jpg\" class=\"attachment-full size-full wp-image-415\" alt=\"\" srcset=\"https:\/\/nueva.alitek.com.es\/wp-content\/uploads\/2026\/02\/maxima-calida@2x-1-2.jpg 1614w, https:\/\/nueva.alitek.com.es\/wp-content\/uploads\/2026\/02\/maxima-calida@2x-1-2-300x167.jpg 300w, https:\/\/nueva.alitek.com.es\/wp-content\/uploads\/2026\/02\/maxima-calida@2x-1-2-1024x571.jpg 1024w, https:\/\/nueva.alitek.com.es\/wp-content\/uploads\/2026\/02\/maxima-calida@2x-1-2-768x428.jpg 768w, https:\/\/nueva.alitek.com.es\/wp-content\/uploads\/2026\/02\/maxima-calida@2x-1-2-1536x857.jpg 1536w\" sizes=\"(max-width: 1614px) 100vw, 1614px\" \/><\/div>\n\t\t<\/a>\n\t\t\t\t<div class=\"elementor-post__text\">\n\t\t\t\t<h3 class=\"elementor-post__title\">\n\t\t\t<a href=\"https:\/\/nueva.alitek.com.es\/index.php\/2026\/03\/03\/porterias-mutxamel-fc\/\" >\n\t\t\t\tPorter\u00edas Mutxamel FC\t\t\t<\/a>\n\t\t<\/h3>\n\t\t\t\t<div class=\"elementor-post__meta-data\">\n\t\t\t\t\t<span class=\"elementor-post-date\">\n\t\t\tmarzo 3, 2026\t\t<\/span>\n\t\t\t\t<\/div>\n\t\t\t\t<div class=\"elementor-post__excerpt\">\n\t\t\t<p>OBRA Porter\u00edas Mutxamel FC GALERIA DE IM\u00c1GENES DETALLES F\u00fatbol 11 Material para campo de f\u00fatbol 11 para el club Mutxamel F.C<\/p>\n\t\t<\/div>\n\t\t\n\t\t<a class=\"elementor-post__read-more\" href=\"https:\/\/nueva.alitek.com.es\/index.php\/2026\/03\/03\/porterias-mutxamel-fc\/\" aria-label=\"M\u00e1s informaci\u00f3n sobre Porter\u00edas Mutxamel FC\" tabindex=\"-1\" >\n\t\t\tLeer m\u00e1s \u00bb\t\t<\/a>\n\n\t\t\t\t<\/div>\n\t\t\t\t<\/article>\n\t\t\t\t<\/div>\n\t\t\n\t\t\t\t\t\t<\/div>\n\t\t\t\t<\/div>\n\t\t\t\t\t<\/div>\n\t\t\t\t<\/div>\n\t\t\t\t<\/div>\n\t\t","protected":false},"excerpt":{"rendered":"<p>Campos de f\u00fatbol CAMPOS F\u00fatbol 11 y 8 ALITEK INGENIERIA Y PAVIMENTOS sistemas de c\u00e9sped artificial para instalaciones de campos de f\u00fatbol certificados por FIFA\u00ae, desde un uso recreacional hasta la m\u00e1s alta competici\u00f3n a nivel nacional. La gama de c\u00e9sped artificial para f\u00fatbol combina fibras de \u00faltima generaci\u00f3n e innovadores rellenos de alto rendimiento, [&hellip;]<\/p>\n","protected":false},"author":1,"featured_media":0,"parent":0,"menu_order":0,"comment_status":"closed","ping_status":"closed","template":"","meta":{"footnotes":""},"class_list":["post-172","page","type-page","status-publish","hentry"],"_links":{"self":[{"href":"https:\/\/nueva.alitek.com.es\/index.php\/wp-json\/wp\/v2\/pages\/172","targetHints":{"allow":["GET"]}}],"collection":[{"href":"https:\/\/nueva.alitek.com.es\/index.php\/wp-json\/wp\/v2\/pages"}],"about":[{"href":"https:\/\/nueva.alitek.com.es\/index.php\/wp-json\/wp\/v2\/types\/page"}],"author":[{"embeddable":true,"href":"https:\/\/nueva.alitek.com.es\/index.php\/wp-json\/wp\/v2\/users\/1"}],"replies":[{"embeddable":true,"href":"https:\/\/nueva.alitek.com.es\/index.php\/wp-json\/wp\/v2\/comments?post=172"}],"version-history":[{"count":38,"href":"https:\/\/nueva.alitek.com.es\/index.php\/wp-json\/wp\/v2\/pages\/172\/revisions"}],"predecessor-version":[{"id":2604,"href":"https:\/\/nueva.alitek.com.es\/index.php\/wp-json\/wp\/v2\/pages\/172\/revisions\/2604"}],"wp:attachment":[{"href":"https:\/\/nueva.alitek.com.es\/index.php\/wp-json\/wp\/v2\/media?parent=172"}],"curies":[{"name":"wp","href":"https:\/\/api.w.org\/{rel}","templated":true}]}}