{"id":169,"date":"2026-02-06T11:42:26","date_gmt":"2026-02-06T11:42:26","guid":{"rendered":"https:\/\/nueva.alitek.com.es\/?page_id=169"},"modified":"2026-03-06T11:13:03","modified_gmt":"2026-03-06T11:13:03","slug":"pavimentos-polideportivas","status":"publish","type":"page","link":"https:\/\/nueva.alitek.com.es\/index.php\/pavimentos-polideportivas\/","title":{"rendered":"Pavimentos polideportivos"},"content":{"rendered":"\t\t<div data-elementor-type=\"wp-page\" data-elementor-id=\"169\" class=\"elementor elementor-169\" data-elementor-post-type=\"page\">\n\t\t\t\t\t\t<section class=\"elementor-section elementor-top-section elementor-element elementor-element-176f01cb elementor-section-boxed elementor-section-height-default elementor-section-height-default elementor-invisible\" data-id=\"176f01cb\" data-element_type=\"section\" data-e-type=\"section\" data-settings=\"{&quot;background_background&quot;:&quot;classic&quot;,&quot;animation&quot;:&quot;fadeIn&quot;}\">\n\t\t\t\t\t\t<div class=\"elementor-container elementor-column-gap-no\">\n\t\t\t\t\t<div class=\"elementor-column elementor-col-100 elementor-top-column elementor-element elementor-element-60633188\" data-id=\"60633188\" data-element_type=\"column\" data-e-type=\"column\">\n\t\t\t<div class=\"elementor-widget-wrap elementor-element-populated\">\n\t\t\t\t\t\t<div class=\"elementor-element elementor-element-37895b1b elementor-widget-mobile__width-initial elementor-widget elementor-widget-elementskit-heading\" data-id=\"37895b1b\" data-element_type=\"widget\" data-e-type=\"widget\" data-widget_type=\"elementskit-heading.default\">\n\t\t\t\t\t<div class=\"ekit-wid-con\" ><div class=\"ekit-heading elementskit-section-title-wraper text_center   ekit_heading_tablet-   ekit_heading_mobile-\"><h1 class=\"ekit-heading--title elementskit-section-title \">Pavimentos polideportivos<\/h1><\/div><\/div>\t\t\t\t<\/div>\n\t\t\t\t\t<\/div>\n\t\t<\/div>\n\t\t\t\t\t<\/div>\n\t\t<\/section>\n\t\t<div class=\"elementor-element elementor-element-a24b128 e-flex e-con-boxed e-con e-parent\" data-id=\"a24b128\" data-element_type=\"container\" data-e-type=\"container\">\n\t\t\t\t\t<div class=\"e-con-inner\">\n\t\t\t\t<div class=\"elementor-element elementor-element-0961398 elementor-widget elementor-widget-elementskit-heading\" data-id=\"0961398\" data-element_type=\"widget\" data-e-type=\"widget\" data-widget_type=\"elementskit-heading.default\">\n\t\t\t\t\t<div class=\"ekit-wid-con\" ><div class=\"ekit-heading elementskit-section-title-wraper text_center   ekit_heading_tablet-   ekit_heading_mobile-\"><h2 class=\"ekit-heading--title elementskit-section-title \">PAVIMENTOS<\/h2><div class=\"ekit_heading_separetor_wraper ekit_heading_elementskit-border-divider elementskit-style-long\"><div class=\"elementskit-border-divider elementskit-style-long\"><\/div><\/div><h3 class=\"ekit-heading--subtitle elementskit-section-subtitle  \">\n\t\t\t\t\t\tLos mejores pabellones y gimnasios\n\t\t\t\t\t<\/h3>\t\t\t\t<div class='ekit-heading__description'>\n\t\t\t\t\t<div class=\"fusion-fullwidth fullwidth-box fusion-builder-row-3 fusion-flex-container nonhundred-percent-fullwidth non-hundred-percent-height-scrolling\">\n<div class=\"fusion-builder-row fusion-row fusion-flex-align-items-flex-start fusion-flex-justify-content-center\">\n<div class=\"fusion-layout-column fusion_builder_column fusion-builder-column-2 fusion_builder_column_3_5 3_5 fusion-flex-column\">\n<div class=\"fusion-column-wrapper fusion-flex-justify-content-flex-start fusion-content-layout-column\">\n<div class=\"fusion-text fusion-text-1\">\n<p>ALITEK INGENIERIA Y PAVIMENTOS ofrecemos sistemas de pavimentos para pabellones y gimnasios de la mejor calidad cuidando hasta el m\u00ednimo detalle para que nuestros clientes puedan disfrutar del deporte que m\u00e1s les guste.<\/p>\n<\/div>\n<\/div>\n<\/div>\n<\/div>\n<\/div>\n\t\t\t\t<\/div>\n\t\t\t<\/div><\/div>\t\t\t\t<\/div>\n\t\t\t\t\t<\/div>\n\t\t\t\t<\/div>\n\t\t\t\t<section class=\"elementor-section elementor-top-section elementor-element elementor-element-6f1d9ca9 elementor-section-boxed elementor-section-height-default elementor-section-height-default elementor-invisible\" data-id=\"6f1d9ca9\" data-element_type=\"section\" data-e-type=\"section\" data-settings=\"{&quot;animation&quot;:&quot;fadeIn&quot;}\">\n\t\t\t\t\t\t<div class=\"elementor-container elementor-column-gap-no\">\n\t\t\t\t\t<div class=\"elementor-column elementor-col-50 elementor-top-column elementor-element elementor-element-6b7b7ee1\" data-id=\"6b7b7ee1\" data-element_type=\"column\" data-e-type=\"column\">\n\t\t\t<div class=\"elementor-widget-wrap elementor-element-populated\">\n\t\t\t\t\t\t<div class=\"elementor-element elementor-element-55810340 ekit-equal-height-disable elementor-widget elementor-widget-elementskit-icon-box\" data-id=\"55810340\" data-element_type=\"widget\" data-e-type=\"widget\" data-widget_type=\"elementskit-icon-box.default\">\n\t\t\t\t\t<div class=\"ekit-wid-con\" >        <!-- link opening -->\n                <a href=\"#\" class=\"ekit_global_links\">\n                <!-- end link opening -->\n\n        <div class=\"elementskit-infobox text-center text- icon-top-align elementor-animation-   \">\n                            <div class=\"elementskit-box-header\">\n                <div class=\"elementskit-info-box-icon \">\n                    <img fetchpriority=\"high\" decoding=\"async\" width=\"800\" height=\"446\" src=\"https:\/\/nueva.alitek.com.es\/wp-content\/uploads\/2026\/02\/pavimento-madera-2-800x446-1.png\" class=\"attachment- size-\" alt=\"\" srcset=\"https:\/\/nueva.alitek.com.es\/wp-content\/uploads\/2026\/02\/pavimento-madera-2-800x446-1.png 800w, https:\/\/nueva.alitek.com.es\/wp-content\/uploads\/2026\/02\/pavimento-madera-2-800x446-1-300x167.png 300w, https:\/\/nueva.alitek.com.es\/wp-content\/uploads\/2026\/02\/pavimento-madera-2-800x446-1-768x428.png 768w\" sizes=\"(max-width: 800px) 100vw, 800px\" \/>                <\/div>\n          <\/div>\n                <div class=\"box-body\">\n                            <h3 class=\"elementskit-info-box-title\">\n                    Pistas de madera                <\/h3>\n                        \t\t  \t<p>Es un suelo deportivo de parqu\u00e9 de alta calidad, m\u00f3vil y el\u00e1stico, resultado de nuestra dilatada experiencia en suelos deportivos m\u00f3viles. El sistema de uni\u00f3n en aluminio y el reducido peso de los m\u00f3dulos garantizan un manejo seguro y f\u00e1cil. La capa el\u00e1stica y el borde en forma de cu\u00f1a se fijan con el m\u00f3dulo y no se necesita ensamblaje adicional.<\/p>\n                                <\/div>\n        \n        \n                <\/div>\n                <\/a>\n        <\/div>\t\t\t\t<\/div>\n\t\t\t\t\t<\/div>\n\t\t<\/div>\n\t\t\t\t<div class=\"elementor-column elementor-col-50 elementor-top-column elementor-element elementor-element-44b93738\" data-id=\"44b93738\" data-element_type=\"column\" data-e-type=\"column\">\n\t\t\t<div class=\"elementor-widget-wrap elementor-element-populated\">\n\t\t\t\t\t\t<div class=\"elementor-element elementor-element-527f8d47 ekit-equal-height-disable elementor-widget elementor-widget-elementskit-icon-box\" data-id=\"527f8d47\" data-element_type=\"widget\" data-e-type=\"widget\" data-widget_type=\"elementskit-icon-box.default\">\n\t\t\t\t\t<div class=\"ekit-wid-con\" >        <!-- link opening -->\n                <a href=\"#\" class=\"ekit_global_links\">\n                <!-- end link opening -->\n\n        <div class=\"elementskit-infobox text-center text- icon-top-align elementor-animation-   \">\n                            <div class=\"elementskit-box-header\">\n                <div class=\"elementskit-info-box-icon \">\n                    <img decoding=\"async\" width=\"800\" height=\"446\" src=\"https:\/\/nueva.alitek.com.es\/wp-content\/uploads\/2026\/02\/pavimento-poliuretano-insitu-3-800x446-1.png\" class=\"attachment- size-\" alt=\"\" srcset=\"https:\/\/nueva.alitek.com.es\/wp-content\/uploads\/2026\/02\/pavimento-poliuretano-insitu-3-800x446-1.png 800w, https:\/\/nueva.alitek.com.es\/wp-content\/uploads\/2026\/02\/pavimento-poliuretano-insitu-3-800x446-1-300x167.png 300w, https:\/\/nueva.alitek.com.es\/wp-content\/uploads\/2026\/02\/pavimento-poliuretano-insitu-3-800x446-1-768x428.png 768w\" sizes=\"(max-width: 800px) 100vw, 800px\" \/>                <\/div>\n          <\/div>\n                <div class=\"box-body\">\n                            <h3 class=\"elementskit-info-box-title\">\n                    Pavimentos de PVC y Cauchos                <\/h3>\n                        \t\t  \t<p>Los PVC o Cauchos en pavimentos para pabellones y gimnasios tienen\nexcelentes propiedades deportivas y protectoras.<\/p>\n                                <\/div>\n        \n        \n                <\/div>\n                <\/a>\n        <\/div>\t\t\t\t<\/div>\n\t\t\t\t\t<\/div>\n\t\t<\/div>\n\t\t\t\t\t<\/div>\n\t\t<\/section>\n\t\t\t\t<section class=\"elementor-section elementor-top-section elementor-element elementor-element-798e566e elementor-section-boxed elementor-section-height-default elementor-section-height-default elementor-invisible\" data-id=\"798e566e\" data-element_type=\"section\" data-e-type=\"section\" data-settings=\"{&quot;animation&quot;:&quot;fadeIn&quot;}\">\n\t\t\t\t\t\t<div class=\"elementor-container elementor-column-gap-no\">\n\t\t\t\t\t<div class=\"elementor-column elementor-col-50 elementor-top-column elementor-element elementor-element-24362be\" data-id=\"24362be\" data-element_type=\"column\" data-e-type=\"column\">\n\t\t\t<div class=\"elementor-widget-wrap elementor-element-populated\">\n\t\t\t\t\t\t<div class=\"elementor-element elementor-element-6de5ec45 elementor-widget__width-initial elementor-widget-mobile__width-initial elementor-widget elementor-widget-image\" data-id=\"6de5ec45\" data-element_type=\"widget\" data-e-type=\"widget\" data-widget_type=\"image.default\">\n\t\t\t\t\t\t\t\t\t\t\t\t\t\t\t<img decoding=\"async\" width=\"800\" height=\"496\" src=\"https:\/\/nueva.alitek.com.es\/wp-content\/uploads\/2026\/02\/pvc-800x496-1.png\" class=\"attachment-full size-full wp-image-321\" alt=\"\" srcset=\"https:\/\/nueva.alitek.com.es\/wp-content\/uploads\/2026\/02\/pvc-800x496-1.png 800w, https:\/\/nueva.alitek.com.es\/wp-content\/uploads\/2026\/02\/pvc-800x496-1-300x186.png 300w, https:\/\/nueva.alitek.com.es\/wp-content\/uploads\/2026\/02\/pvc-800x496-1-768x476.png 768w\" sizes=\"(max-width: 800px) 100vw, 800px\" \/>\t\t\t\t\t\t\t\t\t\t\t\t\t\t\t<\/div>\n\t\t\t\t\t<\/div>\n\t\t<\/div>\n\t\t\t\t<div class=\"elementor-column elementor-col-50 elementor-top-column elementor-element elementor-element-21eb9a85\" data-id=\"21eb9a85\" data-element_type=\"column\" data-e-type=\"column\">\n\t\t\t<div class=\"elementor-widget-wrap elementor-element-populated\">\n\t\t\t\t\t\t<div class=\"elementor-element elementor-element-4a6fde27 elementor-widget elementor-widget-elementskit-heading\" data-id=\"4a6fde27\" data-element_type=\"widget\" data-e-type=\"widget\" data-widget_type=\"elementskit-heading.default\">\n\t\t\t\t\t<div class=\"ekit-wid-con\" ><div class=\"ekit-heading elementskit-section-title-wraper text_left   ekit_heading_tablet-text_left   ekit_heading_mobile-\"><h2 class=\"ekit-heading--title elementskit-section-title \">Propiedades Pavimentos PVC y Caucho<\/h2><div class=\"ekit_heading_separetor_wraper ekit_heading_elementskit-border-divider elementskit-style-long\"><div class=\"elementskit-border-divider elementskit-style-long\"><\/div><\/div>\t\t\t\t<div class='ekit-heading__description'>\n\t\t\t\t\t<ul>\n<li>Excelente absorci\u00f3n de impactos<\/li>\n<li>Verdadera protecci\u00f3n de articulaciones y cart\u00edlagos, gracias a la absorci\u00f3n de impactos se protegen las articulaciones y cart\u00edlagos de los atletas durante las actividades deportivas de forma sistem\u00e1tica y de plazo largo.<\/li>\n<li>Coeficiente de fricci\u00f3n<\/li>\n<li>Equilibrio entre adherencia y deslizamiento, gracias a su superficie, el coeficiente de fricci\u00f3n asegura que el deportista pueda cambiar r\u00e1pida y f\u00e1cilmente de direcci\u00f3n sin riesgo de deslizamiento.<\/li>\n<li>Deformaci\u00f3n vertical \u00f3ptima<\/li>\n<li>Excelente confort, el soporte de espuma especial proporciona una deformaci\u00f3n vertical \u00f3ptima que aumenta el confort del pavimento y reduce el riesgo de lesiones.<\/li>\n<li>Alto rendimiento deportivo, son excelentes para deportes de equipo y de pelota, ya que no afectan negativamente en el juego. Caracterizado por altos valores de rebote de pelota.<\/li>\n<li>Excelente rebote de pelota<\/li>\n<\/ul>\n\t\t\t\t<\/div>\n\t\t\t<\/div><\/div>\t\t\t\t<\/div>\n\t\t\t\t\t<\/div>\n\t\t<\/div>\n\t\t\t\t\t<\/div>\n\t\t<\/section>\n\t\t<div class=\"elementor-element elementor-element-80f7843 e-flex e-con-boxed e-con e-parent\" data-id=\"80f7843\" data-element_type=\"container\" data-e-type=\"container\">\n\t\t\t\t\t<div class=\"e-con-inner\">\n\t\t\t\t<div class=\"elementor-element elementor-element-09086d7 elementor-widget elementor-widget-elementskit-heading\" data-id=\"09086d7\" data-element_type=\"widget\" data-e-type=\"widget\" data-widget_type=\"elementskit-heading.default\">\n\t\t\t\t\t<div class=\"ekit-wid-con\" ><div class=\"ekit-heading elementskit-section-title-wraper text_center   ekit_heading_tablet-   ekit_heading_mobile-\"><h2 class=\"ekit-heading--title elementskit-section-title \">Pavimentos de poliuretano insitu<\/h2>\t\t\t\t<div class='ekit-heading__description'>\n\t\t\t\t\t<div class=\"fusion-fullwidth fullwidth-box fusion-builder-row-3 fusion-flex-container nonhundred-percent-fullwidth non-hundred-percent-height-scrolling\">\n<div class=\"fusion-builder-row fusion-row fusion-flex-align-items-flex-start fusion-flex-justify-content-center\">\n<div class=\"fusion-layout-column fusion_builder_column fusion-builder-column-2 fusion_builder_column_3_5 3_5 fusion-flex-column\">\n<div class=\"fusion-column-wrapper fusion-flex-justify-content-flex-start fusion-content-layout-column\">\n<div class=\"fusion-text fusion-text-1\">\n<p>Son sistemas multicapa muy flexibles y autonivelantes para la pr\u00e1ctica del deporte. El uso en Pavimentos para pabellones y gimnasio est\u00e1 compuesto por una base el\u00e1stica de caucho negro SBR encolada al suelo en su totalidad para el posterior sellado de todala superficie. Tras estos trabajos se y aplica un sistema de resinas de Poliuretano de alta calidad.<\/p>\n<p>Los espesores var\u00edan entre los 4 y 8 mm. el resultado de esta aplicaci\u00f3n de este pavimento para pabellones y gimnasios es un pavimento polivalente para la pr\u00e1ctica de diferentes deportes, sin ning\u00fan tipo de juntas, de gran resistencia al desgaste con propiedades de fricci\u00f3n y deslizamiento perfectas. La capa de acabo de dicho sistema realiza un sellado en mate presenta propiedades anti-reflectantes y alto poder de absorci\u00f3n ac\u00fastica.<\/p>\n<p>Estos pavimentos para pabellones y gimnasios reduce los riesgos de deslizamiento y garantiza rebotes \u00f3ptimos de la pelota gracias a la aplicaci\u00f3n de este sistema uniforme, sin uniones que lo hacen perfecto para la pr\u00e1ctica indoor de todo tipo de deportes as\u00ed como para suelo para pabellones cubiertos y gimnasios.<\/p>\n<\/div>\n<\/div>\n<\/div>\n<\/div>\n<\/div>\n\t\t\t\t<\/div>\n\t\t\t<\/div><\/div>\t\t\t\t<\/div>\n\t\t\t\t<div class=\"elementor-element elementor-element-02cd9d2 elementor-widget elementor-widget-elementskit-heading\" data-id=\"02cd9d2\" data-element_type=\"widget\" data-e-type=\"widget\" data-widget_type=\"elementskit-heading.default\">\n\t\t\t\t\t<div class=\"ekit-wid-con\" ><div class=\"ekit-heading elementskit-section-title-wraper text_center   ekit_heading_tablet-   ekit_heading_mobile-\"><h2 class=\"ekit-heading--title elementskit-section-title \">TRABAJOS<\/h2><div class=\"ekit_heading_separetor_wraper ekit_heading_elementskit-border-divider elementskit-style-long\"><div class=\"elementskit-border-divider elementskit-style-long\"><\/div><\/div><h3 class=\"ekit-heading--subtitle elementskit-section-subtitle  \">\n\t\t\t\t\t\t\u00daltimos trabajos\n\t\t\t\t\t<\/h3><\/div><\/div>\t\t\t\t<\/div>\n\t\t\t\t<div class=\"elementor-element elementor-element-45269ff elementor-grid-3 elementor-grid-tablet-2 elementor-grid-mobile-1 elementor-posts--thumbnail-top elementor-card-shadow-yes elementor-posts__hover-gradient elementor-widget elementor-widget-posts\" data-id=\"45269ff\" data-element_type=\"widget\" data-e-type=\"widget\" data-settings=\"{&quot;cards_columns&quot;:&quot;3&quot;,&quot;cards_columns_tablet&quot;:&quot;2&quot;,&quot;cards_columns_mobile&quot;:&quot;1&quot;,&quot;cards_row_gap&quot;:{&quot;unit&quot;:&quot;px&quot;,&quot;size&quot;:35,&quot;sizes&quot;:[]},&quot;cards_row_gap_tablet&quot;:{&quot;unit&quot;:&quot;px&quot;,&quot;size&quot;:&quot;&quot;,&quot;sizes&quot;:[]},&quot;cards_row_gap_mobile&quot;:{&quot;unit&quot;:&quot;px&quot;,&quot;size&quot;:&quot;&quot;,&quot;sizes&quot;:[]}}\" data-widget_type=\"posts.cards\">\n\t\t\t\t<div class=\"elementor-widget-container\">\n\t\t\t\t\t\t\t<div class=\"elementor-posts-container elementor-posts elementor-posts--skin-cards elementor-grid\" role=\"list\">\n\t\t\t\t<article class=\"elementor-post elementor-grid-item post-1881 post type-post status-publish format-standard has-post-thumbnail hentry category-obras tag-pavimento-polideportivo\" role=\"listitem\">\n\t\t\t<div class=\"elementor-post__card\">\n\t\t\t\t<a class=\"elementor-post__thumbnail__link\" href=\"https:\/\/nueva.alitek.com.es\/index.php\/2026\/03\/03\/polideportivo-municipal-onil\/\" tabindex=\"-1\" ><div class=\"elementor-post__thumbnail\"><img loading=\"lazy\" decoding=\"async\" width=\"400\" height=\"267\" src=\"https:\/\/nueva.alitek.com.es\/wp-content\/uploads\/2026\/03\/20201218_112104996_iOS-1-400x300-1.jpg\" class=\"attachment-full size-full wp-image-1704\" alt=\"\" srcset=\"https:\/\/nueva.alitek.com.es\/wp-content\/uploads\/2026\/03\/20201218_112104996_iOS-1-400x300-1.jpg 400w, https:\/\/nueva.alitek.com.es\/wp-content\/uploads\/2026\/03\/20201218_112104996_iOS-1-400x300-1-300x200.jpg 300w\" sizes=\"(max-width: 400px) 100vw, 400px\" \/><\/div><\/a>\n\t\t\t\t<div class=\"elementor-post__badge\">Obras<\/div>\n\t\t\t\t<div class=\"elementor-post__text\">\n\t\t\t\t<h3 class=\"elementor-post__title\">\n\t\t\t<a href=\"https:\/\/nueva.alitek.com.es\/index.php\/2026\/03\/03\/polideportivo-municipal-onil\/\" >\n\t\t\t\tPolideportivo municipal \u2013 Onil\t\t\t<\/a>\n\t\t<\/h3>\n\t\t\t\t<div class=\"elementor-post__excerpt\">\n\t\t\t<p>OBRA Polideportivo municipal \u2013 Onil GALERIA DE IM\u00c1GENES DETALLES Pavimento deportivo<\/p>\n\t\t<\/div>\n\t\t\n\t\t<a class=\"elementor-post__read-more\" href=\"https:\/\/nueva.alitek.com.es\/index.php\/2026\/03\/03\/polideportivo-municipal-onil\/\" aria-label=\"M\u00e1s informaci\u00f3n sobre Polideportivo municipal \u2013 Onil\" tabindex=\"-1\" >\n\t\t\tLeer m\u00e1s \u00bb\t\t<\/a>\n\n\t\t\t\t<\/div>\n\t\t\t\t<div class=\"elementor-post__meta-data\">\n\t\t\t\t\t<span class=\"elementor-post-date\">\n\t\t\tmarzo 3, 2026\t\t<\/span>\n\t\t\t\t<\/div>\n\t\t\t\t\t<\/div>\n\t\t<\/article>\n\t\t\t\t<article class=\"elementor-post elementor-grid-item post-1883 post type-post status-publish format-standard has-post-thumbnail hentry category-obras tag-pavimento-polideportivo\" role=\"listitem\">\n\t\t\t<div class=\"elementor-post__card\">\n\t\t\t\t<a class=\"elementor-post__thumbnail__link\" href=\"https:\/\/nueva.alitek.com.es\/index.php\/2026\/03\/03\/pabellon-azul-municipal-elda\/\" tabindex=\"-1\" ><div class=\"elementor-post__thumbnail\"><img loading=\"lazy\" decoding=\"async\" width=\"400\" height=\"267\" src=\"https:\/\/nueva.alitek.com.es\/wp-content\/uploads\/2026\/03\/20201228_105303428_iOS-400x300-1.jpg\" class=\"attachment-full size-full wp-image-1710\" alt=\"\" srcset=\"https:\/\/nueva.alitek.com.es\/wp-content\/uploads\/2026\/03\/20201228_105303428_iOS-400x300-1.jpg 400w, https:\/\/nueva.alitek.com.es\/wp-content\/uploads\/2026\/03\/20201228_105303428_iOS-400x300-1-300x200.jpg 300w\" sizes=\"(max-width: 400px) 100vw, 400px\" \/><\/div><\/a>\n\t\t\t\t<div class=\"elementor-post__badge\">Obras<\/div>\n\t\t\t\t<div class=\"elementor-post__text\">\n\t\t\t\t<h3 class=\"elementor-post__title\">\n\t\t\t<a href=\"https:\/\/nueva.alitek.com.es\/index.php\/2026\/03\/03\/pabellon-azul-municipal-elda\/\" >\n\t\t\t\tPabell\u00f3n Azul Municipal \u2013 Elda\t\t\t<\/a>\n\t\t<\/h3>\n\t\t\t\t<div class=\"elementor-post__excerpt\">\n\t\t\t<p>OBRA Pabell\u00f3n Azul Municipal \u2013 Elda GALERIA DE IM\u00c1GENES DETALLES Pavimento deportivo<\/p>\n\t\t<\/div>\n\t\t\n\t\t<a class=\"elementor-post__read-more\" href=\"https:\/\/nueva.alitek.com.es\/index.php\/2026\/03\/03\/pabellon-azul-municipal-elda\/\" aria-label=\"M\u00e1s informaci\u00f3n sobre Pabell\u00f3n Azul Municipal \u2013 Elda\" tabindex=\"-1\" >\n\t\t\tLeer m\u00e1s \u00bb\t\t<\/a>\n\n\t\t\t\t<\/div>\n\t\t\t\t<div class=\"elementor-post__meta-data\">\n\t\t\t\t\t<span class=\"elementor-post-date\">\n\t\t\tmarzo 3, 2026\t\t<\/span>\n\t\t\t\t<\/div>\n\t\t\t\t\t<\/div>\n\t\t<\/article>\n\t\t\t\t<article class=\"elementor-post elementor-grid-item post-1885 post type-post status-publish format-standard has-post-thumbnail hentry category-obras tag-pavimento-polideportivo\" role=\"listitem\">\n\t\t\t<div class=\"elementor-post__card\">\n\t\t\t\t<a class=\"elementor-post__thumbnail__link\" href=\"https:\/\/nueva.alitek.com.es\/index.php\/2026\/03\/03\/ceip-alfonso-x-el-sabio-novelda\/\" tabindex=\"-1\" ><div class=\"elementor-post__thumbnail\"><img loading=\"lazy\" decoding=\"async\" width=\"2560\" height=\"1920\" src=\"https:\/\/nueva.alitek.com.es\/wp-content\/uploads\/2026\/02\/20210513_082405731_iOS-scaled-1.jpg\" class=\"attachment-full size-full wp-image-328\" alt=\"\" srcset=\"https:\/\/nueva.alitek.com.es\/wp-content\/uploads\/2026\/02\/20210513_082405731_iOS-scaled-1.jpg 2560w, https:\/\/nueva.alitek.com.es\/wp-content\/uploads\/2026\/02\/20210513_082405731_iOS-scaled-1-300x225.jpg 300w, https:\/\/nueva.alitek.com.es\/wp-content\/uploads\/2026\/02\/20210513_082405731_iOS-scaled-1-1024x768.jpg 1024w, https:\/\/nueva.alitek.com.es\/wp-content\/uploads\/2026\/02\/20210513_082405731_iOS-scaled-1-768x576.jpg 768w, https:\/\/nueva.alitek.com.es\/wp-content\/uploads\/2026\/02\/20210513_082405731_iOS-scaled-1-1536x1152.jpg 1536w, https:\/\/nueva.alitek.com.es\/wp-content\/uploads\/2026\/02\/20210513_082405731_iOS-scaled-1-2048x1536.jpg 2048w\" sizes=\"(max-width: 2560px) 100vw, 2560px\" \/><\/div><\/a>\n\t\t\t\t<div class=\"elementor-post__badge\">Obras<\/div>\n\t\t\t\t<div class=\"elementor-post__text\">\n\t\t\t\t<h3 class=\"elementor-post__title\">\n\t\t\t<a href=\"https:\/\/nueva.alitek.com.es\/index.php\/2026\/03\/03\/ceip-alfonso-x-el-sabio-novelda\/\" >\n\t\t\t\tCEIP Alfonso X El Sabio \u2013 Novelda\t\t\t<\/a>\n\t\t<\/h3>\n\t\t\t\t<div class=\"elementor-post__excerpt\">\n\t\t\t<p>OBRA CEIP Alfonso X El Sabio \u2013 Novelda GALERIA DE IM\u00c1GENES DETALLES Pavimento deportivo<\/p>\n\t\t<\/div>\n\t\t\n\t\t<a class=\"elementor-post__read-more\" href=\"https:\/\/nueva.alitek.com.es\/index.php\/2026\/03\/03\/ceip-alfonso-x-el-sabio-novelda\/\" aria-label=\"M\u00e1s informaci\u00f3n sobre CEIP Alfonso X El Sabio \u2013 Novelda\" tabindex=\"-1\" >\n\t\t\tLeer m\u00e1s \u00bb\t\t<\/a>\n\n\t\t\t\t<\/div>\n\t\t\t\t<div class=\"elementor-post__meta-data\">\n\t\t\t\t\t<span class=\"elementor-post-date\">\n\t\t\tmarzo 3, 2026\t\t<\/span>\n\t\t\t\t<\/div>\n\t\t\t\t\t<\/div>\n\t\t<\/article>\n\t\t\t\t<\/div>\n\t\t\n\t\t\t\t\t\t<\/div>\n\t\t\t\t<\/div>\n\t\t\t\t\t<\/div>\n\t\t\t\t<\/div>\n\t\t\t\t<\/div>\n\t\t","protected":false},"excerpt":{"rendered":"<p>Pavimentos polideportivos PAVIMENTOS Los mejores pabellones y gimnasios ALITEK INGENIERIA Y PAVIMENTOS ofrecemos sistemas de pavimentos para pabellones y gimnasios de la mejor calidad cuidando hasta el m\u00ednimo detalle para que nuestros clientes puedan disfrutar del deporte que m\u00e1s les guste. Pistas de madera Es un suelo deportivo de parqu\u00e9 de alta calidad, m\u00f3vil y [&hellip;]<\/p>\n","protected":false},"author":1,"featured_media":0,"parent":0,"menu_order":0,"comment_status":"closed","ping_status":"closed","template":"","meta":{"footnotes":""},"class_list":["post-169","page","type-page","status-publish","hentry"],"_links":{"self":[{"href":"https:\/\/nueva.alitek.com.es\/index.php\/wp-json\/wp\/v2\/pages\/169","targetHints":{"allow":["GET"]}}],"collection":[{"href":"https:\/\/nueva.alitek.com.es\/index.php\/wp-json\/wp\/v2\/pages"}],"about":[{"href":"https:\/\/nueva.alitek.com.es\/index.php\/wp-json\/wp\/v2\/types\/page"}],"author":[{"embeddable":true,"href":"https:\/\/nueva.alitek.com.es\/index.php\/wp-json\/wp\/v2\/users\/1"}],"replies":[{"embeddable":true,"href":"https:\/\/nueva.alitek.com.es\/index.php\/wp-json\/wp\/v2\/comments?post=169"}],"version-history":[{"count":20,"href":"https:\/\/nueva.alitek.com.es\/index.php\/wp-json\/wp\/v2\/pages\/169\/revisions"}],"predecessor-version":[{"id":2550,"href":"https:\/\/nueva.alitek.com.es\/index.php\/wp-json\/wp\/v2\/pages\/169\/revisions\/2550"}],"wp:attachment":[{"href":"https:\/\/nueva.alitek.com.es\/index.php\/wp-json\/wp\/v2\/media?parent=169"}],"curies":[{"name":"wp","href":"https:\/\/api.w.org\/{rel}","templated":true}]}}