{"id":163,"date":"2026-02-06T11:41:28","date_gmt":"2026-02-06T11:41:28","guid":{"rendered":"https:\/\/nueva.alitek.com.es\/?page_id=163"},"modified":"2026-03-09T12:57:24","modified_gmt":"2026-03-09T12:57:24","slug":"pistas-polideportivas","status":"publish","type":"page","link":"https:\/\/nueva.alitek.com.es\/index.php\/pistas-polideportivas\/","title":{"rendered":"Pistas polideportivas"},"content":{"rendered":"\t\t<div data-elementor-type=\"wp-page\" data-elementor-id=\"163\" class=\"elementor elementor-163\" data-elementor-post-type=\"page\">\n\t\t\t\t\t\t<section class=\"elementor-section elementor-top-section elementor-element elementor-element-7d44d8f0 elementor-section-boxed elementor-section-height-default elementor-section-height-default elementor-invisible\" data-id=\"7d44d8f0\" data-element_type=\"section\" data-e-type=\"section\" data-settings=\"{&quot;background_background&quot;:&quot;classic&quot;,&quot;animation&quot;:&quot;fadeIn&quot;}\">\n\t\t\t\t\t\t<div class=\"elementor-container elementor-column-gap-no\">\n\t\t\t\t\t<div class=\"elementor-column elementor-col-100 elementor-top-column elementor-element elementor-element-76fc482d\" data-id=\"76fc482d\" data-element_type=\"column\" data-e-type=\"column\">\n\t\t\t<div class=\"elementor-widget-wrap elementor-element-populated\">\n\t\t\t\t\t\t<div class=\"elementor-element elementor-element-526710f1 elementor-widget-mobile__width-initial elementor-widget elementor-widget-elementskit-heading\" data-id=\"526710f1\" data-element_type=\"widget\" data-e-type=\"widget\" data-widget_type=\"elementskit-heading.default\">\n\t\t\t\t\t<div class=\"ekit-wid-con\" ><div class=\"ekit-heading elementskit-section-title-wraper text_center   ekit_heading_tablet-   ekit_heading_mobile-\"><h1 class=\"ekit-heading--title elementskit-section-title \">Pistas polideportivas<\/h1><\/div><\/div>\t\t\t\t<\/div>\n\t\t\t\t\t<\/div>\n\t\t<\/div>\n\t\t\t\t\t<\/div>\n\t\t<\/section>\n\t\t\t\t<section class=\"elementor-section elementor-top-section elementor-element elementor-element-2c00f234 elementor-section-boxed elementor-section-height-default elementor-section-height-default elementor-invisible\" data-id=\"2c00f234\" data-element_type=\"section\" data-e-type=\"section\" data-settings=\"{&quot;animation&quot;:&quot;fadeIn&quot;}\">\n\t\t\t\t\t\t<div class=\"elementor-container elementor-column-gap-no\">\n\t\t\t\t\t<div class=\"elementor-column elementor-col-33 elementor-top-column elementor-element elementor-element-3a399ef7\" data-id=\"3a399ef7\" data-element_type=\"column\" data-e-type=\"column\">\n\t\t\t<div class=\"elementor-widget-wrap elementor-element-populated\">\n\t\t\t\t\t\t<div class=\"elementor-element elementor-element-6c37c34b ekit-equal-height-enable elementor-widget elementor-widget-elementskit-icon-box\" data-id=\"6c37c34b\" data-element_type=\"widget\" data-e-type=\"widget\" data-widget_type=\"elementskit-icon-box.default\">\n\t\t\t\t\t<div class=\"ekit-wid-con\" >        <!-- link opening -->\n                <a href=\"#\" class=\"ekit_global_links\">\n                <!-- end link opening -->\n\n        <div class=\"elementskit-infobox text-center text- icon-top-align elementor-animation-   \">\n                            <div class=\"elementskit-box-header\">\n                <div class=\"elementskit-info-box-icon \">\n                    <img fetchpriority=\"high\" decoding=\"async\" width=\"800\" height=\"446\" src=\"https:\/\/nueva.alitek.com.es\/wp-content\/uploads\/2026\/03\/20210429_112057296_iOS-1-400x300-2.jpg\" class=\"attachment- size-\" alt=\"\" srcset=\"https:\/\/nueva.alitek.com.es\/wp-content\/uploads\/2026\/03\/20210429_112057296_iOS-1-400x300-2.jpg 800w, https:\/\/nueva.alitek.com.es\/wp-content\/uploads\/2026\/03\/20210429_112057296_iOS-1-400x300-2-300x167.jpg 300w, https:\/\/nueva.alitek.com.es\/wp-content\/uploads\/2026\/03\/20210429_112057296_iOS-1-400x300-2-768x428.jpg 768w\" sizes=\"(max-width: 800px) 100vw, 800px\" \/>                <\/div>\n          <\/div>\n                <div class=\"box-body\">\n                            <h3 class=\"elementskit-info-box-title\">\n                    Pr\u00e1ctico y econ\u00f3mico                <\/h3>\n                        \t\t  \t<p>Es una de las soluciones que m\u00e1s se usa a la hora de la pr\u00e1ctica del deporte a nivel amateur o en patios de colegios ya que proporcionan propiedades muy equilibradas sobre pavimentos asf\u00e1lticos o de hormig\u00f3n.<\/p>\n                                <\/div>\n        \n        \n                <\/div>\n                <\/a>\n        <\/div>\t\t\t\t<\/div>\n\t\t\t\t\t<\/div>\n\t\t<\/div>\n\t\t\t\t<div class=\"elementor-column elementor-col-33 elementor-top-column elementor-element elementor-element-23f5b8dd\" data-id=\"23f5b8dd\" data-element_type=\"column\" data-e-type=\"column\">\n\t\t\t<div class=\"elementor-widget-wrap elementor-element-populated\">\n\t\t\t\t\t\t<div class=\"elementor-element elementor-element-5a6921ef ekit-equal-height-enable elementor-widget elementor-widget-elementskit-icon-box\" data-id=\"5a6921ef\" data-element_type=\"widget\" data-e-type=\"widget\" data-widget_type=\"elementskit-icon-box.default\">\n\t\t\t\t\t<div class=\"ekit-wid-con\" >        <!-- link opening -->\n                <a href=\"#\" class=\"ekit_global_links\">\n                <!-- end link opening -->\n\n        <div class=\"elementskit-infobox text-center text- icon-top-align elementor-animation-   \">\n                            <div class=\"elementskit-box-header\">\n                <div class=\"elementskit-info-box-icon \">\n                    <img decoding=\"async\" width=\"800\" height=\"446\" src=\"https:\/\/nueva.alitek.com.es\/wp-content\/uploads\/2026\/03\/20210526_134811040_iOS-scaled-3.jpg\" class=\"attachment- size-\" alt=\"\" srcset=\"https:\/\/nueva.alitek.com.es\/wp-content\/uploads\/2026\/03\/20210526_134811040_iOS-scaled-3.jpg 800w, https:\/\/nueva.alitek.com.es\/wp-content\/uploads\/2026\/03\/20210526_134811040_iOS-scaled-3-300x167.jpg 300w, https:\/\/nueva.alitek.com.es\/wp-content\/uploads\/2026\/03\/20210526_134811040_iOS-scaled-3-768x428.jpg 768w\" sizes=\"(max-width: 800px) 100vw, 800px\" \/>                <\/div>\n          <\/div>\n                <div class=\"box-body\">\n                            <h3 class=\"elementskit-info-box-title\">\n                    La mejor calidad                <\/h3>\n                        \t\t  \t<p>Las pistas polideportivas con estos revestimiento multicapa de resinas sint\u00e9ticas, acabado que garantiza un deslizamiento adecuado, aporta una buena resistencia, as\u00ed como un efecto est\u00e9tico apropiado, aportando un buen confort a la hora de la pr\u00e1ctica del deporte.\n\n<\/p>\n                                <\/div>\n        \n        \n                <\/div>\n                <\/a>\n        <\/div>\t\t\t\t<\/div>\n\t\t\t\t\t<\/div>\n\t\t<\/div>\n\t\t\t\t<div class=\"elementor-column elementor-col-33 elementor-top-column elementor-element elementor-element-79d08202\" data-id=\"79d08202\" data-element_type=\"column\" data-e-type=\"column\">\n\t\t\t<div class=\"elementor-widget-wrap elementor-element-populated\">\n\t\t\t\t\t\t<div class=\"elementor-element elementor-element-27694dca ekit-equal-height-disable elementor-widget elementor-widget-elementskit-icon-box\" data-id=\"27694dca\" data-element_type=\"widget\" data-e-type=\"widget\" data-widget_type=\"elementskit-icon-box.default\">\n\t\t\t\t\t<div class=\"ekit-wid-con\" >        <!-- link opening -->\n                <a href=\"#\" class=\"ekit_global_links\">\n                <!-- end link opening -->\n\n        <div class=\"elementskit-infobox text-center text- icon-top-align elementor-animation-   \">\n                            <div class=\"elementskit-box-header\">\n                <div class=\"elementskit-info-box-icon \">\n                    <img decoding=\"async\" width=\"800\" height=\"446\" src=\"https:\/\/nueva.alitek.com.es\/wp-content\/uploads\/2026\/02\/Pista-polideportiva-2-800x446-2.png\" class=\"attachment- size-\" alt=\"\" srcset=\"https:\/\/nueva.alitek.com.es\/wp-content\/uploads\/2026\/02\/Pista-polideportiva-2-800x446-2.png 800w, https:\/\/nueva.alitek.com.es\/wp-content\/uploads\/2026\/02\/Pista-polideportiva-2-800x446-2-300x167.png 300w, https:\/\/nueva.alitek.com.es\/wp-content\/uploads\/2026\/02\/Pista-polideportiva-2-800x446-2-768x428.png 768w\" sizes=\"(max-width: 800px) 100vw, 800px\" \/>                <\/div>\n          <\/div>\n                <div class=\"box-body\">\n                            <h3 class=\"elementskit-info-box-title\">\n                    Nuestros pavimentos                <\/h3>\n                        \t\t  \t<p>Alitek ingenier\u00eda y pavimentos ofrece una amplia gama de sistemas multicapa de diferentes firmas certificadas como Resitop ( pinturas serrano), Mapei, Sika, Assa o Composan. Disponemos de sistemas b\u00e1sicos de resinas b\u00e1sicos que van desde pistas polideportivas de 3 capas en resinas acr\u00edlicas, con una de las mejores relaci\u00f3n calidad-precio, a sistema de pistas polideportivas de 5 capas de resinas acr\u00edlicas y acr\u00edlicas epoxi.<\/p>\n                                <\/div>\n        \n        \n                <\/div>\n                <\/a>\n        <\/div>\t\t\t\t<\/div>\n\t\t\t\t\t<\/div>\n\t\t<\/div>\n\t\t\t\t\t<\/div>\n\t\t<\/section>\n\t\t\t\t<section class=\"elementor-section elementor-top-section elementor-element elementor-element-73fcf2f elementor-section-boxed elementor-section-height-default elementor-section-height-default elementor-invisible\" data-id=\"73fcf2f\" data-element_type=\"section\" data-e-type=\"section\" data-settings=\"{&quot;animation&quot;:&quot;fadeIn&quot;}\">\n\t\t\t\t\t\t<div class=\"elementor-container elementor-column-gap-no\">\n\t\t\t\t\t<div class=\"elementor-column elementor-col-50 elementor-top-column elementor-element elementor-element-36ae99d7\" data-id=\"36ae99d7\" data-element_type=\"column\" data-e-type=\"column\">\n\t\t\t<div class=\"elementor-widget-wrap elementor-element-populated\">\n\t\t\t\t\t\t<div class=\"elementor-element elementor-element-6124a2cd elementor-widget__width-initial elementor-widget-tablet__width-initial elementor-widget elementor-widget-image\" data-id=\"6124a2cd\" data-element_type=\"widget\" data-e-type=\"widget\" data-widget_type=\"image.default\">\n\t\t\t\t\t\t\t\t\t\t\t\t\t\t\t<img loading=\"lazy\" decoding=\"async\" width=\"800\" height=\"1134\" src=\"https:\/\/nueva.alitek.com.es\/wp-content\/uploads\/2026\/02\/en-que-consiste@2x-800x1134-1.png\" class=\"attachment-full size-full wp-image-306\" alt=\"\" srcset=\"https:\/\/nueva.alitek.com.es\/wp-content\/uploads\/2026\/02\/en-que-consiste@2x-800x1134-1.png 800w, https:\/\/nueva.alitek.com.es\/wp-content\/uploads\/2026\/02\/en-que-consiste@2x-800x1134-1-212x300.png 212w, https:\/\/nueva.alitek.com.es\/wp-content\/uploads\/2026\/02\/en-que-consiste@2x-800x1134-1-722x1024.png 722w, https:\/\/nueva.alitek.com.es\/wp-content\/uploads\/2026\/02\/en-que-consiste@2x-800x1134-1-768x1089.png 768w\" sizes=\"(max-width: 800px) 100vw, 800px\" \/>\t\t\t\t\t\t\t\t\t\t\t\t\t\t\t<\/div>\n\t\t\t\t\t<\/div>\n\t\t<\/div>\n\t\t\t\t<div class=\"elementor-column elementor-col-50 elementor-top-column elementor-element elementor-element-239de425\" data-id=\"239de425\" data-element_type=\"column\" data-e-type=\"column\">\n\t\t\t<div class=\"elementor-widget-wrap elementor-element-populated\">\n\t\t\t\t\t\t<div class=\"elementor-element elementor-element-1417e95 elementor-widget elementor-widget-elementskit-heading\" data-id=\"1417e95\" data-element_type=\"widget\" data-e-type=\"widget\" data-widget_type=\"elementskit-heading.default\">\n\t\t\t\t\t<div class=\"ekit-wid-con\" ><div class=\"ekit-heading elementskit-section-title-wraper text_center   ekit_heading_tablet-   ekit_heading_mobile-\"><h2 class=\"ekit-heading--title elementskit-section-title \">\u00bfEn que consiste?<\/h2><div class=\"ekit_heading_separetor_wraper ekit_heading_elementskit-border-divider elementskit-style-long\"><div class=\"elementskit-border-divider elementskit-style-long\"><\/div><\/div>\t\t\t\t<div class='ekit-heading__description'>\n\t\t\t\t\t<p>Estas pistas polideportivas se caracterizan por su casi ausencia de mantenimiento y versatilidad, adem\u00e1s, son cualidades muy apreciadas por colegios, centros de alto rendimiento clubs deportivos, organismos p\u00fablicos y particulares, los cuales han comprobado sus excelentes propiedades y su alta durabilidad desde hace m\u00e1s de 25 a\u00f1os.<\/p>\n<p>Estos pavimento para pistas polideportivas ofrecen una superficie continua (con juntas en caso del hormig\u00f3n), con una excelente planimetr\u00eda, sin baches, abultamientos u ondulaciones que pudieran modificar el bote de la pelota. Son pavimentos confortables y seguros: reducen el riesgo de lesiones, alivian las cargas musculares, permiten giros r\u00e1pidos sin tracci\u00f3n excesiva y no bloquea el pie del deportista. Su coeficiente de fricci\u00f3n es adecuado para la pr\u00e1ctica deportiva gracias a la textura rugosa superficial que garantiza adherencia, estabiliza los movimientos y evita ca\u00eddas pero permitiendo el deslizamiento y el giro del deportista. Adem\u00e1s, son soluciones de bajo coste de mantenimiento, gran durabilidad y f\u00e1cil reparaci\u00f3n, ofreciendo grandes posibilidades est\u00e9ticas de terminaci\u00f3n.<\/p>\n\t\t\t\t<\/div>\n\t\t\t<\/div><\/div>\t\t\t\t<\/div>\n\t\t\t\t\t<\/div>\n\t\t<\/div>\n\t\t\t\t\t<\/div>\n\t\t<\/section>\n\t\t\t\t<section class=\"elementor-section elementor-top-section elementor-element elementor-element-276c4940 elementor-section-boxed elementor-section-height-default elementor-section-height-default elementor-invisible\" data-id=\"276c4940\" data-element_type=\"section\" data-e-type=\"section\" data-settings=\"{&quot;animation&quot;:&quot;fadeIn&quot;}\">\n\t\t\t\t\t\t<div class=\"elementor-container elementor-column-gap-no\">\n\t\t\t\t\t<div class=\"elementor-column elementor-col-100 elementor-top-column elementor-element elementor-element-5979e470\" data-id=\"5979e470\" data-element_type=\"column\" data-e-type=\"column\">\n\t\t\t<div class=\"elementor-widget-wrap\">\n\t\t\t\t\t\t\t<\/div>\n\t\t<\/div>\n\t\t\t\t\t<\/div>\n\t\t<\/section>\n\t\t<div class=\"elementor-element elementor-element-c662548 e-flex e-con-boxed e-con e-parent\" data-id=\"c662548\" data-element_type=\"container\" data-e-type=\"container\">\n\t\t\t\t\t<div class=\"e-con-inner\">\n\t\t\t\t<div class=\"elementor-element elementor-element-cc553a8 elementor-widget elementor-widget-elementskit-heading\" data-id=\"cc553a8\" data-element_type=\"widget\" data-e-type=\"widget\" data-widget_type=\"elementskit-heading.default\">\n\t\t\t\t\t<div class=\"ekit-wid-con\" ><div class=\"ekit-heading elementskit-section-title-wraper text_center   ekit_heading_tablet-   ekit_heading_mobile-\"><h2 class=\"ekit-heading--title elementskit-section-title \">TRABAJOS<\/h2><div class=\"ekit_heading_separetor_wraper ekit_heading_elementskit-border-divider elementskit-style-long\"><div class=\"elementskit-border-divider elementskit-style-long\"><\/div><\/div><h3 class=\"ekit-heading--subtitle elementskit-section-subtitle  \">\n\t\t\t\t\t\t\u00daltimos trabajos\n\t\t\t\t\t<\/h3><\/div><\/div>\t\t\t\t<\/div>\n\t\t\t\t<div class=\"elementor-element elementor-element-d1e80f0 elementor-grid-5 elementor-grid-tablet-2 elementor-grid-mobile-1 elementor-posts--thumbnail-top elementor-card-shadow-yes elementor-posts__hover-gradient elementor-widget elementor-widget-posts\" data-id=\"d1e80f0\" data-element_type=\"widget\" data-e-type=\"widget\" data-settings=\"{&quot;cards_columns&quot;:&quot;5&quot;,&quot;motion_fx_motion_fx_scrolling&quot;:&quot;yes&quot;,&quot;cards_columns_tablet&quot;:&quot;2&quot;,&quot;cards_columns_mobile&quot;:&quot;1&quot;,&quot;cards_row_gap&quot;:{&quot;unit&quot;:&quot;px&quot;,&quot;size&quot;:35,&quot;sizes&quot;:[]},&quot;cards_row_gap_tablet&quot;:{&quot;unit&quot;:&quot;px&quot;,&quot;size&quot;:&quot;&quot;,&quot;sizes&quot;:[]},&quot;cards_row_gap_mobile&quot;:{&quot;unit&quot;:&quot;px&quot;,&quot;size&quot;:&quot;&quot;,&quot;sizes&quot;:[]},&quot;motion_fx_devices&quot;:[&quot;desktop&quot;,&quot;tablet&quot;,&quot;mobile&quot;]}\" data-widget_type=\"posts.cards\">\n\t\t\t\t<div class=\"elementor-widget-container\">\n\t\t\t\t\t\t\t<div class=\"elementor-posts-container elementor-posts elementor-posts--skin-cards elementor-grid\" role=\"list\">\n\t\t\t\t<article class=\"elementor-post elementor-grid-item post-1853 post type-post status-publish format-standard has-post-thumbnail hentry category-obras tag-pistas-polideportivas\" role=\"listitem\">\n\t\t\t<div class=\"elementor-post__card\">\n\t\t\t\t<a class=\"elementor-post__thumbnail__link\" href=\"https:\/\/nueva.alitek.com.es\/index.php\/2026\/03\/03\/urbanizacion-panorama-la-nucia\/\" tabindex=\"-1\" ><div class=\"elementor-post__thumbnail\"><img loading=\"lazy\" decoding=\"async\" width=\"768\" height=\"576\" src=\"https:\/\/nueva.alitek.com.es\/wp-content\/uploads\/2026\/03\/urb-panorama-01.jpg\" class=\"attachment-full size-full wp-image-1858\" alt=\"\" srcset=\"https:\/\/nueva.alitek.com.es\/wp-content\/uploads\/2026\/03\/urb-panorama-01.jpg 768w, https:\/\/nueva.alitek.com.es\/wp-content\/uploads\/2026\/03\/urb-panorama-01-300x225.jpg 300w\" sizes=\"(max-width: 768px) 100vw, 768px\" \/><\/div><\/a>\n\t\t\t\t<div class=\"elementor-post__badge\">Obras<\/div>\n\t\t\t\t<div class=\"elementor-post__text\">\n\t\t\t\t<h3 class=\"elementor-post__title\">\n\t\t\t<a href=\"https:\/\/nueva.alitek.com.es\/index.php\/2026\/03\/03\/urbanizacion-panorama-la-nucia\/\" >\n\t\t\t\tUrbanizaci\u00f3n Panorama \u2013 La Nuc\u00eda\t\t\t<\/a>\n\t\t<\/h3>\n\t\t\t\t<div class=\"elementor-post__excerpt\">\n\t\t\t\t\t<\/div>\n\t\t\n\t\t<a class=\"elementor-post__read-more\" href=\"https:\/\/nueva.alitek.com.es\/index.php\/2026\/03\/03\/urbanizacion-panorama-la-nucia\/\" aria-label=\"M\u00e1s informaci\u00f3n sobre Urbanizaci\u00f3n Panorama \u2013 La Nuc\u00eda\" tabindex=\"-1\" >\n\t\t\tLeer m\u00e1s \u00bb\t\t<\/a>\n\n\t\t\t\t<\/div>\n\t\t\t\t<div class=\"elementor-post__meta-data\">\n\t\t\t\t\t<span class=\"elementor-post-date\">\n\t\t\tmarzo 3, 2026\t\t<\/span>\n\t\t\t\t<\/div>\n\t\t\t\t\t<\/div>\n\t\t<\/article>\n\t\t\t\t<article class=\"elementor-post elementor-grid-item post-1859 post type-post status-publish format-standard has-post-thumbnail hentry category-obras tag-pistas-polideportivas\" role=\"listitem\">\n\t\t\t<div class=\"elementor-post__card\">\n\t\t\t\t<a class=\"elementor-post__thumbnail__link\" href=\"https:\/\/nueva.alitek.com.es\/index.php\/2026\/03\/03\/urbanizacion-barranco-hondo-la-nucia\/\" tabindex=\"-1\" ><div class=\"elementor-post__thumbnail\"><img loading=\"lazy\" decoding=\"async\" width=\"400\" height=\"300\" src=\"https:\/\/nueva.alitek.com.es\/wp-content\/uploads\/2023\/03\/rehabilitacion-pista-deportiva-barranco-hondo-06-400x300-1.jpg\" class=\"attachment-full size-full wp-image-1784\" alt=\"\" srcset=\"https:\/\/nueva.alitek.com.es\/wp-content\/uploads\/2023\/03\/rehabilitacion-pista-deportiva-barranco-hondo-06-400x300-1.jpg 400w, https:\/\/nueva.alitek.com.es\/wp-content\/uploads\/2023\/03\/rehabilitacion-pista-deportiva-barranco-hondo-06-400x300-1-300x225.jpg 300w\" sizes=\"(max-width: 400px) 100vw, 400px\" \/><\/div><\/a>\n\t\t\t\t<div class=\"elementor-post__badge\">Obras<\/div>\n\t\t\t\t<div class=\"elementor-post__text\">\n\t\t\t\t<h3 class=\"elementor-post__title\">\n\t\t\t<a href=\"https:\/\/nueva.alitek.com.es\/index.php\/2026\/03\/03\/urbanizacion-barranco-hondo-la-nucia\/\" >\n\t\t\t\tUrbanizaci\u00f3n Barranco Hondo \u2013 La Nuc\u00eda\t\t\t<\/a>\n\t\t<\/h3>\n\t\t\t\t<div class=\"elementor-post__excerpt\">\n\t\t\t\t\t<\/div>\n\t\t\n\t\t<a class=\"elementor-post__read-more\" href=\"https:\/\/nueva.alitek.com.es\/index.php\/2026\/03\/03\/urbanizacion-barranco-hondo-la-nucia\/\" aria-label=\"M\u00e1s informaci\u00f3n sobre Urbanizaci\u00f3n Barranco Hondo \u2013 La Nuc\u00eda\" tabindex=\"-1\" >\n\t\t\tLeer m\u00e1s \u00bb\t\t<\/a>\n\n\t\t\t\t<\/div>\n\t\t\t\t<div class=\"elementor-post__meta-data\">\n\t\t\t\t\t<span class=\"elementor-post-date\">\n\t\t\tmarzo 3, 2026\t\t<\/span>\n\t\t\t\t<\/div>\n\t\t\t\t\t<\/div>\n\t\t<\/article>\n\t\t\t\t<article class=\"elementor-post elementor-grid-item post-1861 post type-post status-publish format-standard has-post-thumbnail hentry category-obras tag-pistas-polideportivas\" role=\"listitem\">\n\t\t\t<div class=\"elementor-post__card\">\n\t\t\t\t<a class=\"elementor-post__thumbnail__link\" href=\"https:\/\/nueva.alitek.com.es\/index.php\/2026\/03\/03\/mariola-garden-playa-san-juan\/\" tabindex=\"-1\" ><div class=\"elementor-post__thumbnail\"><img loading=\"lazy\" decoding=\"async\" width=\"400\" height=\"267\" src=\"https:\/\/nueva.alitek.com.es\/wp-content\/uploads\/2026\/03\/20210429_112057296_iOS-1-400x300-1.jpg\" class=\"attachment-full size-full wp-image-1683\" alt=\"\" srcset=\"https:\/\/nueva.alitek.com.es\/wp-content\/uploads\/2026\/03\/20210429_112057296_iOS-1-400x300-1.jpg 400w, https:\/\/nueva.alitek.com.es\/wp-content\/uploads\/2026\/03\/20210429_112057296_iOS-1-400x300-1-300x200.jpg 300w\" sizes=\"(max-width: 400px) 100vw, 400px\" \/><\/div><\/a>\n\t\t\t\t<div class=\"elementor-post__badge\">Obras<\/div>\n\t\t\t\t<div class=\"elementor-post__text\">\n\t\t\t\t<h3 class=\"elementor-post__title\">\n\t\t\t<a href=\"https:\/\/nueva.alitek.com.es\/index.php\/2026\/03\/03\/mariola-garden-playa-san-juan\/\" >\n\t\t\t\tMariola Garden \u2013 Playa San Juan\t\t\t<\/a>\n\t\t<\/h3>\n\t\t\t\t<div class=\"elementor-post__excerpt\">\n\t\t\t\t\t<\/div>\n\t\t\n\t\t<a class=\"elementor-post__read-more\" href=\"https:\/\/nueva.alitek.com.es\/index.php\/2026\/03\/03\/mariola-garden-playa-san-juan\/\" aria-label=\"M\u00e1s informaci\u00f3n sobre Mariola Garden \u2013 Playa San Juan\" tabindex=\"-1\" >\n\t\t\tLeer m\u00e1s \u00bb\t\t<\/a>\n\n\t\t\t\t<\/div>\n\t\t\t\t<div class=\"elementor-post__meta-data\">\n\t\t\t\t\t<span class=\"elementor-post-date\">\n\t\t\tmarzo 3, 2026\t\t<\/span>\n\t\t\t\t<\/div>\n\t\t\t\t\t<\/div>\n\t\t<\/article>\n\t\t\t\t<article class=\"elementor-post elementor-grid-item post-1863 post type-post status-publish format-standard has-post-thumbnail hentry category-obras tag-pistas-polideportivas\" role=\"listitem\">\n\t\t\t<div class=\"elementor-post__card\">\n\t\t\t\t<a class=\"elementor-post__thumbnail__link\" href=\"https:\/\/nueva.alitek.com.es\/index.php\/2026\/03\/03\/ceip-veles-y-vents-lalfas-del-pi\/\" tabindex=\"-1\" ><div class=\"elementor-post__thumbnail\"><img loading=\"lazy\" decoding=\"async\" width=\"400\" height=\"267\" src=\"https:\/\/nueva.alitek.com.es\/wp-content\/uploads\/2026\/03\/20210413_143626703_iOS-400x300-1.jpg\" class=\"attachment-full size-full wp-image-1692\" alt=\"\" srcset=\"https:\/\/nueva.alitek.com.es\/wp-content\/uploads\/2026\/03\/20210413_143626703_iOS-400x300-1.jpg 400w, https:\/\/nueva.alitek.com.es\/wp-content\/uploads\/2026\/03\/20210413_143626703_iOS-400x300-1-300x200.jpg 300w\" sizes=\"(max-width: 400px) 100vw, 400px\" \/><\/div><\/a>\n\t\t\t\t<div class=\"elementor-post__badge\">Obras<\/div>\n\t\t\t\t<div class=\"elementor-post__text\">\n\t\t\t\t<h3 class=\"elementor-post__title\">\n\t\t\t<a href=\"https:\/\/nueva.alitek.com.es\/index.php\/2026\/03\/03\/ceip-veles-y-vents-lalfas-del-pi\/\" >\n\t\t\t\tCEIP Veles y Vents \u2013 L\u00b4Alfas del Pi\t\t\t<\/a>\n\t\t<\/h3>\n\t\t\t\t<div class=\"elementor-post__excerpt\">\n\t\t\t\t\t<\/div>\n\t\t\n\t\t<a class=\"elementor-post__read-more\" href=\"https:\/\/nueva.alitek.com.es\/index.php\/2026\/03\/03\/ceip-veles-y-vents-lalfas-del-pi\/\" aria-label=\"M\u00e1s informaci\u00f3n sobre CEIP Veles y Vents \u2013 L\u00b4Alfas del Pi\" tabindex=\"-1\" >\n\t\t\tLeer m\u00e1s \u00bb\t\t<\/a>\n\n\t\t\t\t<\/div>\n\t\t\t\t<div class=\"elementor-post__meta-data\">\n\t\t\t\t\t<span class=\"elementor-post-date\">\n\t\t\tmarzo 3, 2026\t\t<\/span>\n\t\t\t\t<\/div>\n\t\t\t\t\t<\/div>\n\t\t<\/article>\n\t\t\t\t<article class=\"elementor-post elementor-grid-item post-1865 post type-post status-publish format-standard has-post-thumbnail hentry category-obras tag-pistas-polideportivas\" role=\"listitem\">\n\t\t\t<div class=\"elementor-post__card\">\n\t\t\t\t<a class=\"elementor-post__thumbnail__link\" href=\"https:\/\/nueva.alitek.com.es\/index.php\/2026\/03\/03\/camping-benisol-benidorm\/\" tabindex=\"-1\" ><div class=\"elementor-post__thumbnail\"><img loading=\"lazy\" decoding=\"async\" width=\"400\" height=\"267\" src=\"https:\/\/nueva.alitek.com.es\/wp-content\/uploads\/2026\/03\/20210526_134811040_iOS-scaled-1.jpg\" class=\"attachment-full size-full wp-image-1693\" alt=\"\" srcset=\"https:\/\/nueva.alitek.com.es\/wp-content\/uploads\/2026\/03\/20210526_134811040_iOS-scaled-1.jpg 400w, https:\/\/nueva.alitek.com.es\/wp-content\/uploads\/2026\/03\/20210526_134811040_iOS-scaled-1-300x200.jpg 300w\" sizes=\"(max-width: 400px) 100vw, 400px\" \/><\/div><\/a>\n\t\t\t\t<div class=\"elementor-post__badge\">Obras<\/div>\n\t\t\t\t<div class=\"elementor-post__text\">\n\t\t\t\t<h3 class=\"elementor-post__title\">\n\t\t\t<a href=\"https:\/\/nueva.alitek.com.es\/index.php\/2026\/03\/03\/camping-benisol-benidorm\/\" >\n\t\t\t\tCamping Benisol \u2013 Benidorm\t\t\t<\/a>\n\t\t<\/h3>\n\t\t\t\t<div class=\"elementor-post__excerpt\">\n\t\t\t\t\t<\/div>\n\t\t\n\t\t<a class=\"elementor-post__read-more\" href=\"https:\/\/nueva.alitek.com.es\/index.php\/2026\/03\/03\/camping-benisol-benidorm\/\" aria-label=\"M\u00e1s informaci\u00f3n sobre Camping Benisol \u2013 Benidorm\" tabindex=\"-1\" >\n\t\t\tLeer m\u00e1s \u00bb\t\t<\/a>\n\n\t\t\t\t<\/div>\n\t\t\t\t<div class=\"elementor-post__meta-data\">\n\t\t\t\t\t<span class=\"elementor-post-date\">\n\t\t\tmarzo 3, 2026\t\t<\/span>\n\t\t\t\t<\/div>\n\t\t\t\t\t<\/div>\n\t\t<\/article>\n\t\t\t\t<\/div>\n\t\t\n\t\t\t\t\t\t<\/div>\n\t\t\t\t<\/div>\n\t\t\t\t\t<\/div>\n\t\t\t\t<\/div>\n\t\t\t\t<\/div>\n\t\t","protected":false},"excerpt":{"rendered":"<p>Pistas polideportivas Pr\u00e1ctico y econ\u00f3mico Es una de las soluciones que m\u00e1s se usa a la hora de la pr\u00e1ctica del deporte a nivel amateur o en patios de colegios ya que proporcionan propiedades muy equilibradas sobre pavimentos asf\u00e1lticos o de hormig\u00f3n. La mejor calidad Las pistas polideportivas con estos revestimiento multicapa de resinas sint\u00e9ticas, [&hellip;]<\/p>\n","protected":false},"author":1,"featured_media":0,"parent":0,"menu_order":0,"comment_status":"closed","ping_status":"closed","template":"","meta":{"footnotes":""},"class_list":["post-163","page","type-page","status-publish","hentry"],"_links":{"self":[{"href":"https:\/\/nueva.alitek.com.es\/index.php\/wp-json\/wp\/v2\/pages\/163","targetHints":{"allow":["GET"]}}],"collection":[{"href":"https:\/\/nueva.alitek.com.es\/index.php\/wp-json\/wp\/v2\/pages"}],"about":[{"href":"https:\/\/nueva.alitek.com.es\/index.php\/wp-json\/wp\/v2\/types\/page"}],"author":[{"embeddable":true,"href":"https:\/\/nueva.alitek.com.es\/index.php\/wp-json\/wp\/v2\/users\/1"}],"replies":[{"embeddable":true,"href":"https:\/\/nueva.alitek.com.es\/index.php\/wp-json\/wp\/v2\/comments?post=163"}],"version-history":[{"count":40,"href":"https:\/\/nueva.alitek.com.es\/index.php\/wp-json\/wp\/v2\/pages\/163\/revisions"}],"predecessor-version":[{"id":2660,"href":"https:\/\/nueva.alitek.com.es\/index.php\/wp-json\/wp\/v2\/pages\/163\/revisions\/2660"}],"wp:attachment":[{"href":"https:\/\/nueva.alitek.com.es\/index.php\/wp-json\/wp\/v2\/media?parent=163"}],"curies":[{"name":"wp","href":"https:\/\/api.w.org\/{rel}","templated":true}]}}